{"id":8705,"date":"2024-11-08T19:48:30","date_gmt":"2024-11-08T11:48:30","guid":{"rendered":"https:\/\/airobotmaker.com\/carretillas-elevadoras-autonomas-una-nueva-fuerza-en-la-cadena-de-suministro-de-logistica-y-almacenamiento\/"},"modified":"2024-11-15T16:19:45","modified_gmt":"2024-11-15T08:19:45","slug":"carretillas-elevadoras-autonomas-una-nueva-fuerza-en-la-cadena-de-suministro-de-logistica-y-almacenamiento","status":"publish","type":"page","link":"https:\/\/airobotmaker.com\/es\/carretillas-elevadoras-autonomas-una-nueva-fuerza-en-la-cadena-de-suministro-de-logistica-y-almacenamiento\/","title":{"rendered":"Carretillas elevadoras aut\u00f3nomas: una nueva fuerza en la cadena de suministro de log\u00edstica y almacenamiento"},"content":{"rendered":"\t\t<div data-elementor-type=\"wp-page\" data-elementor-id=\"8705\" class=\"elementor elementor-8705 elementor-7919\">\n\t\t\t\t<div class=\"elementor-element elementor-element-c7c7224 e-flex e-con-boxed e-con e-parent\" data-id=\"c7c7224\" data-element_type=\"container\" data-e-type=\"container\">\n\t\t\t\t\t<div class=\"e-con-inner\">\n\t\t\t\t<div class=\"elementor-element elementor-element-de354c1 elementor-widget elementor-widget-heading\" data-id=\"de354c1\" data-element_type=\"widget\" data-e-type=\"widget\" data-widget_type=\"heading.default\">\n\t\t\t\t\t<h1 class=\"elementor-heading-title elementor-size-default\">Carretillas elevadoras aut\u00f3nomas: una nueva fuerza en la cadena de suministro de log\u00edstica y almacenamiento<\/h1>\t\t\t\t<\/div>\n\t\t\t\t<div class=\"elementor-element elementor-element-cb6a687 elementor-widget elementor-widget-text-editor\" data-id=\"cb6a687\" data-element_type=\"widget\" data-e-type=\"widget\" data-widget_type=\"text-editor.default\">\n\t\t\t\t\t\t\t\t\t<p> En un concurrido centro de la cadena de suministro de log\u00edstica y almacenamiento en Longhua, Shenzhen, Guangdong, China, todo tipo de productos de pal\u00e9s est\u00e1n dispuestos de manera ordenada, y las carretillas elevadoras aut\u00f3nomas transportan productos de pal\u00e9s a \u00e1reas designadas de manera ordenada de acuerdo con las instrucciones de distribuci\u00f3n, con una gran capacidad de carga de 1,5 toneladas, y carga y descarga autom\u00e1tica de productos de paletas, de modo que todo el proceso de manejo se vuelve eficiente y preciso, sin manipulaci\u00f3n manual, ahorrando mucho tiempo y costes de mano de obra.<\/p>\n\t\t\t\t\t\t\t\t<\/div>\n\t\t\t\t<div class=\"elementor-element elementor-element-ce25223 elementor-widget elementor-widget-image\" data-id=\"ce25223\" data-element_type=\"widget\" data-e-type=\"widget\" data-widget_type=\"image.default\">\n\t\t\t\t\t\t\t\t\t\t\t\t\t\t\t<img fetchpriority=\"high\" decoding=\"async\" data-attachment-id=\"8706\" data-permalink=\"https:\/\/airobotmaker.com\/es\/carretillas-elevadoras-autonomas-una-nueva-fuerza-en-la-cadena-de-suministro-de-logistica-y-almacenamiento\/%e5%9b%be%e7%89%8711-8-3\/\" data-orig-file=\"https:\/\/airobotmaker.com\/wp-content\/uploads\/2024\/11\/\u56fe\u724711.8.png\" data-orig-size=\"1267,845\" data-comments-opened=\"1\" data-image-meta=\"{&quot;aperture&quot;:&quot;0&quot;,&quot;credit&quot;:&quot;&quot;,&quot;camera&quot;:&quot;&quot;,&quot;caption&quot;:&quot;&quot;,&quot;created_timestamp&quot;:&quot;0&quot;,&quot;copyright&quot;:&quot;&quot;,&quot;focal_length&quot;:&quot;0&quot;,&quot;iso&quot;:&quot;0&quot;,&quot;shutter_speed&quot;:&quot;0&quot;,&quot;title&quot;:&quot;&quot;,&quot;orientation&quot;:&quot;0&quot;}\" data-image-title=\"\u56fe\u724711.8\" data-image-description=\"\" data-image-caption=\"\" data-large-file=\"https:\/\/airobotmaker.com\/wp-content\/uploads\/2024\/11\/\u56fe\u724711.8-1024x683.png\" width=\"1024\" height=\"683\" src=\"https:\/\/airobotmaker.com\/wp-content\/uploads\/2024\/11\/\u56fe\u724711.8-1024x683.png\" class=\"attachment-large size-large wp-image-8706\" alt=\"\" srcset=\"https:\/\/airobotmaker.com\/wp-content\/uploads\/2024\/11\/\u56fe\u724711.8-1024x683.png 1024w, https:\/\/airobotmaker.com\/wp-content\/uploads\/2024\/11\/\u56fe\u724711.8-300x200.png 300w, https:\/\/airobotmaker.com\/wp-content\/uploads\/2024\/11\/\u56fe\u724711.8-768x512.png 768w, https:\/\/airobotmaker.com\/wp-content\/uploads\/2024\/11\/\u56fe\u724711.8.png 1267w\" sizes=\"(max-width: 1024px) 100vw, 1024px\" data-attachment-id=\"8706\" data-permalink=\"https:\/\/airobotmaker.com\/es\/carretillas-elevadoras-autonomas-una-nueva-fuerza-en-la-cadena-de-suministro-de-logistica-y-almacenamiento\/%e5%9b%be%e7%89%8711-8-3\/\" data-orig-file=\"https:\/\/airobotmaker.com\/wp-content\/uploads\/2024\/11\/\u56fe\u724711.8.png\" data-orig-size=\"1267,845\" data-comments-opened=\"1\" data-image-meta=\"{&quot;aperture&quot;:&quot;0&quot;,&quot;credit&quot;:&quot;&quot;,&quot;camera&quot;:&quot;&quot;,&quot;caption&quot;:&quot;&quot;,&quot;created_timestamp&quot;:&quot;0&quot;,&quot;copyright&quot;:&quot;&quot;,&quot;focal_length&quot;:&quot;0&quot;,&quot;iso&quot;:&quot;0&quot;,&quot;shutter_speed&quot;:&quot;0&quot;,&quot;title&quot;:&quot;&quot;,&quot;orientation&quot;:&quot;0&quot;}\" data-image-title=\"\u56fe\u724711.8\" data-image-description=\"\" data-image-caption=\"\" data-large-file=\"https:\/\/airobotmaker.com\/wp-content\/uploads\/2024\/11\/\u56fe\u724711.8-1024x683.png\" \/>\t\t\t\t\t\t\t\t\t\t\t\t\t\t\t<\/div>\n\t\t\t\t<div class=\"elementor-element elementor-element-2b75214 elementor-widget elementor-widget-text-editor\" data-id=\"2b75214\" data-element_type=\"widget\" data-e-type=\"widget\" data-widget_type=\"text-editor.default\">\n\t\t\t\t\t\t\t\t\t<p> Vale la pena mencionar que la carretilla elevadora aut\u00f3noma se puede conectar sin problemas con el ascensor, las tareas de entrega entre pisos, sin importar qu\u00e9 piso, la carretilla elevadora aut\u00f3noma puede entregar las mercanc\u00edas de manera r\u00e1pida y precisa en la ubicaci\u00f3n designada, una o doscientas veces al d\u00eda arriba y abajo para transportar mercanc\u00edas, ahorrando recados manuales, y las ventajas de las carretillas elevadoras aut\u00f3nomas en t\u00e9rminos de costo son muy destacadas, Unos pocos meses pueden volver al costo, solo unas pocas docenas de yuanes de electricidad pueden funcionar durante un mes, en comparaci\u00f3n con el manejo manual tradicional y las carretillas elevadoras de combustible, el costo se reduce considerablemente.<\/p>\n\t\t\t\t\t\t\t\t<\/div>\n\t\t\t\t<div class=\"elementor-element elementor-element-b6c905d elementor-widget elementor-widget-image\" data-id=\"b6c905d\" data-element_type=\"widget\" data-e-type=\"widget\" data-widget_type=\"image.default\">\n\t\t\t\t\t\t\t\t\t\t\t\t\t\t\t<img decoding=\"async\" data-attachment-id=\"8707\" data-permalink=\"https:\/\/airobotmaker.com\/es\/carretillas-elevadoras-autonomas-una-nueva-fuerza-en-la-cadena-de-suministro-de-logistica-y-almacenamiento\/%e5%9b%be%e7%89%8711-8-2-2\/\" data-orig-file=\"https:\/\/airobotmaker.com\/wp-content\/uploads\/2024\/11\/\u56fe\u724711.8-2.png\" data-orig-size=\"1267,845\" data-comments-opened=\"1\" data-image-meta=\"{&quot;aperture&quot;:&quot;0&quot;,&quot;credit&quot;:&quot;&quot;,&quot;camera&quot;:&quot;&quot;,&quot;caption&quot;:&quot;&quot;,&quot;created_timestamp&quot;:&quot;0&quot;,&quot;copyright&quot;:&quot;&quot;,&quot;focal_length&quot;:&quot;0&quot;,&quot;iso&quot;:&quot;0&quot;,&quot;shutter_speed&quot;:&quot;0&quot;,&quot;title&quot;:&quot;&quot;,&quot;orientation&quot;:&quot;0&quot;}\" data-image-title=\"\u56fe\u724711.8-2\" data-image-description=\"\" data-image-caption=\"\" data-large-file=\"https:\/\/airobotmaker.com\/wp-content\/uploads\/2024\/11\/\u56fe\u724711.8-2-1024x683.png\" width=\"1024\" height=\"683\" src=\"https:\/\/airobotmaker.com\/wp-content\/uploads\/2024\/11\/\u56fe\u724711.8-2-1024x683.png\" class=\"attachment-large size-large wp-image-8707\" alt=\"\" srcset=\"https:\/\/airobotmaker.com\/wp-content\/uploads\/2024\/11\/\u56fe\u724711.8-2-1024x683.png 1024w, https:\/\/airobotmaker.com\/wp-content\/uploads\/2024\/11\/\u56fe\u724711.8-2-300x200.png 300w, https:\/\/airobotmaker.com\/wp-content\/uploads\/2024\/11\/\u56fe\u724711.8-2-768x512.png 768w, https:\/\/airobotmaker.com\/wp-content\/uploads\/2024\/11\/\u56fe\u724711.8-2.png 1267w\" sizes=\"(max-width: 1024px) 100vw, 1024px\" data-attachment-id=\"8707\" data-permalink=\"https:\/\/airobotmaker.com\/es\/carretillas-elevadoras-autonomas-una-nueva-fuerza-en-la-cadena-de-suministro-de-logistica-y-almacenamiento\/%e5%9b%be%e7%89%8711-8-2-2\/\" data-orig-file=\"https:\/\/airobotmaker.com\/wp-content\/uploads\/2024\/11\/\u56fe\u724711.8-2.png\" data-orig-size=\"1267,845\" data-comments-opened=\"1\" data-image-meta=\"{&quot;aperture&quot;:&quot;0&quot;,&quot;credit&quot;:&quot;&quot;,&quot;camera&quot;:&quot;&quot;,&quot;caption&quot;:&quot;&quot;,&quot;created_timestamp&quot;:&quot;0&quot;,&quot;copyright&quot;:&quot;&quot;,&quot;focal_length&quot;:&quot;0&quot;,&quot;iso&quot;:&quot;0&quot;,&quot;shutter_speed&quot;:&quot;0&quot;,&quot;title&quot;:&quot;&quot;,&quot;orientation&quot;:&quot;0&quot;}\" data-image-title=\"\u56fe\u724711.8-2\" data-image-description=\"\" data-image-caption=\"\" data-large-file=\"https:\/\/airobotmaker.com\/wp-content\/uploads\/2024\/11\/\u56fe\u724711.8-2-1024x683.png\" \/>\t\t\t\t\t\t\t\t\t\t\t\t\t\t\t<\/div>\n\t\t\t\t<div class=\"elementor-element elementor-element-3d3afe4 elementor-widget elementor-widget-text-editor\" data-id=\"3d3afe4\" data-element_type=\"widget\" data-e-type=\"widget\" data-widget_type=\"text-editor.default\">\n\t\t\t\t\t\t\t\t\t<p> Su tecnolog\u00eda de intercambio de bater\u00edas le permite mover mercanc\u00edas las 24 horas del d\u00eda. Cuando la energ\u00eda es insuficiente, la bater\u00eda se reemplaza r\u00e1pidamente, de modo que la carretilla elevadora aut\u00f3noma puede volver a funcionar, y solo tarda 1 hora en cargarse por completo, lo que mejora en gran medida la eficiencia de manejo y garantiza que la operaci\u00f3n de log\u00edstica y almacenamiento no se interrumpa por la espera de la carga. <\/p>\n<p> La aparici\u00f3n de las carretillas elevadoras aut\u00f3nomas ha tra\u00eddo cambios revolucionarios a la industria de la log\u00edstica y el almacenamiento. No solo mejora la eficiencia de manejo y reduce el costo, sino que tambi\u00e9n brinda un espacio de desarrollo m\u00e1s amplio para la empresa. En el futuro, las carretillas elevadoras aut\u00f3nomas se convertir\u00e1n en el pilar de la industria de la log\u00edstica y el almacenamiento, llevando a la industria a una nueva era m\u00e1s inteligente y eficiente.  <\/p>\n\t\t\t\t\t\t\t\t<\/div>\n\t\t\t\t\t<\/div>\n\t\t\t\t<\/div>\n\t\t<div class=\"elementor-element elementor-element-1d8ed1a e-flex e-con-boxed e-con e-parent\" data-id=\"1d8ed1a\" data-element_type=\"container\" data-e-type=\"container\">\n\t\t\t\t\t<div class=\"e-con-inner\">\n\t\t<div class=\"elementor-element elementor-element-1922597 e-con-full e-flex e-con e-child\" data-id=\"1922597\" data-element_type=\"container\" data-e-type=\"container\">\n\t\t<div class=\"elementor-element elementor-element-3c639e7 e-con-full e-flex e-con e-child\" data-id=\"3c639e7\" data-element_type=\"container\" data-e-type=\"container\">\n\t\t\t\t<div class=\"elementor-element elementor-element-17b7226 elementor-widget elementor-widget-button\" data-id=\"17b7226\" data-element_type=\"widget\" data-e-type=\"widget\" data-widget_type=\"button.default\">\n\t\t\t\t\t\t\t\t\t\t<a class=\"elementor-button elementor-button-link elementor-size-sm\" href=\"https:\/\/airobotmaker.com\/forklifts-change-handling-efficiency\/\">\n\t\t\t\t\t\t<span class=\"elementor-button-content-wrapper\">\n\t\t\t\t\t\t<span class=\"elementor-button-icon\">\n\t\t\t\t<svg aria-hidden=\"true\" class=\"e-font-icon-svg e-fas-arrow-left\" viewBox=\"0 0 448 512\" xmlns=\"http:\/\/www.w3.org\/2000\/svg\"><path d=\"M257.5 445.1l-22.2 22.2c-9.4 9.4-24.6 9.4-33.9 0L7 273c-9.4-9.4-9.4-24.6 0-33.9L201.4 44.7c9.4-9.4 24.6-9.4 33.9 0l22.2 22.2c9.5 9.5 9.3 25-.4 34.3L136.6 216H424c13.3 0 24 10.7 24 24v32c0 13.3-10.7 24-24 24H136.6l120.5 114.8c9.8 9.3 10 24.8.4 34.3z\"><\/path><\/svg>\t\t\t<\/span>\n\t\t\t\t\t\t\t\t\t<span class=\"elementor-button-text\">Anterior<\/span>\n\t\t\t\t\t<\/span>\n\t\t\t\t\t<\/a>\n\t\t\t\t\t\t\t\t<\/div>\n\t\t\t\t<\/div>\n\t\t<div class=\"elementor-element elementor-element-166b907 e-con-full e-flex e-con e-child\" data-id=\"166b907\" data-element_type=\"container\" data-e-type=\"container\">\n\t\t\t\t<\/div>\n\t\t<div class=\"elementor-element elementor-element-f68db3e e-con-full e-flex e-con e-child\" data-id=\"f68db3e\" data-element_type=\"container\" data-e-type=\"container\">\n\t\t\t\t<\/div>\n\t\t<div class=\"elementor-element elementor-element-14da6be e-con-full e-flex e-con e-child\" data-id=\"14da6be\" data-element_type=\"container\" data-e-type=\"container\">\n\t\t\t\t<div class=\"elementor-element elementor-element-5badd77 elementor-widget elementor-widget-button\" data-id=\"5badd77\" data-element_type=\"widget\" data-e-type=\"widget\" data-widget_type=\"button.default\">\n\t\t\t\t\t\t\t\t\t\t<a class=\"elementor-button elementor-size-sm\" role=\"button\">\n\t\t\t\t\t\t<span class=\"elementor-button-content-wrapper\">\n\t\t\t\t\t\t<span class=\"elementor-button-icon\">\n\t\t\t\t<svg aria-hidden=\"true\" class=\"e-font-icon-svg e-fas-arrow-right\" viewBox=\"0 0 448 512\" xmlns=\"http:\/\/www.w3.org\/2000\/svg\"><path d=\"M190.5 66.9l22.2-22.2c9.4-9.4 24.6-9.4 33.9 0L441 239c9.4 9.4 9.4 24.6 0 33.9L246.6 467.3c-9.4 9.4-24.6 9.4-33.9 0l-22.2-22.2c-9.5-9.5-9.3-25 .4-34.3L311.4 296H24c-13.3 0-24-10.7-24-24v-32c0-13.3 10.7-24 24-24h287.4L190.9 101.2c-9.8-9.3-10-24.8-.4-34.3z\"><\/path><\/svg>\t\t\t<\/span>\n\t\t\t\t\t\t\t\t\t<span class=\"elementor-button-text\">Pr\u00f3ximo<\/span>\n\t\t\t\t\t<\/span>\n\t\t\t\t\t<\/a>\n\t\t\t\t\t\t\t\t<\/div>\n\t\t\t\t<\/div>\n\t\t\t\t<\/div>\n\t\t\t\t\t<\/div>\n\t\t\t\t<\/div>\n\t\t\t\t<\/div>\n\t\t","protected":false},"excerpt":{"rendered":"<p>Carretillas elevadoras aut\u00f3nomas: una nueva fuerza en la cadena de suministro de log\u00edstica y almacenamiento En un concurrido centro de [&hellip;]<\/p>\n","protected":false},"author":247580900,"featured_media":0,"parent":0,"menu_order":0,"comment_status":"closed","ping_status":"closed","template":"","meta":{"_crdt_document":"","om_disable_all_campaigns":false,"_uag_custom_page_level_css":"","advgb_blocks_editor_width":"","advgb_blocks_columns_visual_guide":"","site-sidebar-layout":"no-sidebar","site-content-layout":"","ast-site-content-layout":"full-width-container","site-content-style":"default","site-sidebar-style":"default","ast-global-header-display":"","ast-banner-title-visibility":"","ast-main-header-display":"","ast-hfb-above-header-display":"","ast-hfb-below-header-display":"","ast-hfb-mobile-header-display":"","site-post-title":"disabled","ast-breadcrumbs-content":"","ast-featured-img":"disabled","footer-sml-layout":"","theme-transparent-header-meta":"","adv-header-id-meta":"","stick-header-meta":"","header-above-stick-meta":"","header-main-stick-meta":"","header-below-stick-meta":"","astra-migrate-meta-layouts":"default","ast-page-background-enabled":"default","ast-page-background-meta":{"desktop":{"background-color":"var(--ast-global-color-4)","background-image":"","background-repeat":"repeat","background-position":"center center","background-size":"auto","background-attachment":"scroll","background-type":"","background-media":"","overlay-type":"","overlay-color":"","overlay-opacity":"","overlay-gradient":""},"tablet":{"background-color":"","background-image":"","background-repeat":"repeat","background-position":"center center","background-size":"auto","background-attachment":"scroll","background-type":"","background-media":"","overlay-type":"","overlay-color":"","overlay-opacity":"","overlay-gradient":""},"mobile":{"background-color":"","background-image":"","background-repeat":"repeat","background-position":"center center","background-size":"auto","background-attachment":"scroll","background-type":"","background-media":"","overlay-type":"","overlay-color":"","overlay-opacity":"","overlay-gradient":""}},"ast-content-background-meta":{"desktop":{"background-color":"var(--ast-global-color-5)","background-image":"","background-repeat":"repeat","background-position":"center center","background-size":"auto","background-attachment":"scroll","background-type":"","background-media":"","overlay-type":"","overlay-color":"","overlay-opacity":"","overlay-gradient":""},"tablet":{"background-color":"var(--ast-global-color-5)","background-image":"","background-repeat":"repeat","background-position":"center center","background-size":"auto","background-attachment":"scroll","background-type":"","background-media":"","overlay-type":"","overlay-color":"","overlay-opacity":"","overlay-gradient":""},"mobile":{"background-color":"var(--ast-global-color-5)","background-image":"","background-repeat":"repeat","background-position":"center center","background-size":"auto","background-attachment":"scroll","background-type":"","background-media":"","overlay-type":"","overlay-color":"","overlay-opacity":"","overlay-gradient":""}},"jetpack_post_was_ever_published":false,"footnotes":""},"class_list":["post-8705","page","type-page","status-publish","hentry"],"aioseo_notices":[],"uagb_featured_image_src":{"full":false,"thumbnail":false,"medium":false,"medium_large":false,"large":false,"1536x1536":false,"2048x2048":false,"newspack-article-block-landscape-large":false,"newspack-article-block-portrait-large":false,"newspack-article-block-square-large":false,"newspack-article-block-landscape-medium":false,"newspack-article-block-portrait-medium":false,"newspack-article-block-square-medium":false,"newspack-article-block-landscape-intermediate":false,"newspack-article-block-portrait-intermediate":false,"newspack-article-block-square-intermediate":false,"newspack-article-block-landscape-small":false,"newspack-article-block-portrait-small":false,"newspack-article-block-square-small":false,"newspack-article-block-landscape-tiny":false,"newspack-article-block-portrait-tiny":false,"newspack-article-block-square-tiny":false,"newspack-article-block-uncropped":false},"uagb_author_info":{"display_name":"luo shunchao","author_link":"https:\/\/airobotmaker.com\/es\/author\/luoshunchao2023\/"},"uagb_comment_info":0,"uagb_excerpt":"Carretillas elevadoras aut\u00f3nomas: una nueva fuerza en la cadena de suministro de log\u00edstica y almacenamiento En un concurrido centro de [&hellip;]","coauthors":[],"author_meta":{"author_link":"https:\/\/airobotmaker.com\/es\/author\/luoshunchao2023\/","display_name":"luo shunchao"},"relative_dates":{"created":"Publicado 1 a\u00f1o hace","modified":"Actualizado 1 a\u00f1o hace"},"absolute_dates":{"created":"Publicado el 08\/11\/2024","modified":"Actualizado el 15\/11\/2024"},"absolute_dates_time":{"created":"Publicado el 08\/11\/2024 19:48","modified":"Actualizado el 15\/11\/2024 16:19"},"featured_img_caption":"","featured_img":false,"series_order":"","jetpack_likes_enabled":false,"jetpack_sharing_enabled":true,"jetpack_shortlink":"https:\/\/wp.me\/Ph53Kn-2gp","jetpack-related-posts":[{"id":8724,"url":"https:\/\/airobotmaker.com\/es\/las-carretillas-elevadoras-potencian-las-fabricas\/","url_meta":{"origin":8705,"position":0},"title":"Las carretillas elevadoras potencian las f\u00e1bricas","author":"luo shunchao","date":"06\/11\/2024","format":false,"excerpt":"Operaci\u00f3n ininterrumpida las 24 horas del d\u00eda, los 7 d\u00edas de la semana, las carretillas elevadoras Airobotmaker potencian las f\u00e1bricas https:\/\/www.youtube.com\/watch?v=LqAdlS4SnkcAntecedentes Introducci\u00f3n La f\u00e1brica cubre un \u00e1rea de 48,726 metros cuadrados e incluye m\u00faltiples \u00e1reas: un almac\u00e9n de materias primas de 3 pisos, un almac\u00e9n de almacenamiento en fr\u00edo, un\u2026","rel":"","context":"Entrada similar","block_context":{"text":"Entrada similar","link":""},"img":{"alt_text":"","src":"","width":0,"height":0},"classes":[]},{"id":8733,"url":"https:\/\/airobotmaker.com\/es\/carretilla-elevadora-autonoma-ironhide\/","url_meta":{"origin":8705,"position":1},"title":"Carretilla elevadora aut\u00f3noma Ironhide","author":"reemanbot","date":"03\/11\/2024","format":false,"excerpt":"Piel de hierro Carretilla elevadora aut\u00f3nomaPlataforma SDK abierta Plataforma de hardware y software completamente abierta, que proporciona una interfaz API, una rica documentaci\u00f3n de soportet\u00e9cnico, que ayuda al desarrollo del producto en todo momento. Plataforma de servicios en la nube La plataforma en la nube admite la navegaci\u00f3n remota para\u2026","rel":"","context":"Entrada similar","block_context":{"text":"Entrada similar","link":""},"img":{"alt_text":"Forklift load-bearing introduced","src":"https:\/\/i0.wp.com\/airobotmaker.com\/wp-content\/uploads\/2024\/09\/%E5%8F%82%E6%95%B0%E5%9B%BE-%E9%80%8F%E6%98%8E%E5%BA%95.png?resize=350%2C200&ssl=1","width":350,"height":200,"srcset":"https:\/\/i0.wp.com\/airobotmaker.com\/wp-content\/uploads\/2024\/09\/%E5%8F%82%E6%95%B0%E5%9B%BE-%E9%80%8F%E6%98%8E%E5%BA%95.png?resize=350%2C200&ssl=1 1x, https:\/\/i0.wp.com\/airobotmaker.com\/wp-content\/uploads\/2024\/09\/%E5%8F%82%E6%95%B0%E5%9B%BE-%E9%80%8F%E6%98%8E%E5%BA%95.png?resize=525%2C300&ssl=1 1.5x"},"classes":[]},{"id":8885,"url":"https:\/\/airobotmaker.com\/es\/stackman\/","url_meta":{"origin":8705,"position":2},"title":"Stackman","author":"luo shunchao","date":"26\/10\/2024","format":false,"excerpt":"Stackman 1200 Carretilla elevadora aut\u00f3noma Plataforma SDK abierta Plataforma de hardware y software completamente abierta, que proporciona una interfaz API, una rica documentaci\u00f3n de soportet\u00e9cnico, que ayuda al desarrollo del producto en todo momento. Plataforma de servicios en la nube La plataforma en la nube admite la navegaci\u00f3n remota para\u2026","rel":"","context":"Entrada similar","block_context":{"text":"Entrada similar","link":""},"img":{"alt_text":"","src":"","width":0,"height":0},"classes":[]},{"id":8722,"url":"https:\/\/airobotmaker.com\/es\/las-carretillas-elevadoras-cambian-la-eficiencia-de-manejo\/","url_meta":{"origin":8705,"position":3},"title":"Las carretillas elevadoras cambian la eficiencia de manejo","author":"luo shunchao","date":"06\/11\/2024","format":false,"excerpt":"\u00bfC\u00f3mo pueden las carretillas elevadoras automatizadas cambiar la eficiencia de la manipulaci\u00f3n en f\u00e1brica? https:\/\/www.youtube.com\/watch?v=xpLqa1T4I9gAntecedentes de la f\u00e1brica La f\u00e1brica cubre un \u00e1rea de 5000 metros cuadrados y fabrica principalmente varios componentes electr\u00f3nicos, equipados con ascensores. Las tareas diarias de manipulaci\u00f3n son pesadas, con carretillas elevadoras que operan con frecuencia\u2026","rel":"","context":"Entrada similar","block_context":{"text":"Entrada similar","link":""},"img":{"alt_text":"","src":"","width":0,"height":0},"classes":[]},{"id":8855,"url":"https:\/\/airobotmaker.com\/es\/rinoceronte\/","url_meta":{"origin":8705,"position":4},"title":"Rinoceronte","author":"luo shunchao","date":"12\/11\/2024","format":false,"excerpt":"Rinoceronte Aut\u00f3nomoCarretillas elevadoras Carga \u00fatil grande de 1,5 t Navegaci\u00f3n SLAM por l\u00e1ser Evitaci\u00f3n inteligente de obst\u00e1culos. Carga autom\u00e1tica 40,000 \u33a1 de mapeo de navegaci\u00f3n Sistema Aut\u00f3nomo de Despacho Altura de elevaci\u00f3n de 2,5 m Radar l\u00e1ser monol\u00ednea de 60 m Altura de elevaci\u00f3n de 2,5 m Apilamiento Transporte Uso\u2026","rel":"","context":"Entrada similar","block_context":{"text":"Entrada similar","link":""},"img":{"alt_text":"null","src":"https:\/\/i0.wp.com\/airobotmaker.com\/wp-content\/uploads\/2025\/05\/%E7%AC%AC%E4%BA%8C%E5%B1%8F%E4%B8%AD%E9%97%B4%E5%9B%BE.jpg?resize=350%2C200&ssl=1","width":350,"height":200,"srcset":"https:\/\/i0.wp.com\/airobotmaker.com\/wp-content\/uploads\/2025\/05\/%E7%AC%AC%E4%BA%8C%E5%B1%8F%E4%B8%AD%E9%97%B4%E5%9B%BE.jpg?resize=350%2C200&ssl=1 1x, https:\/\/i0.wp.com\/airobotmaker.com\/wp-content\/uploads\/2025\/05\/%E7%AC%AC%E4%BA%8C%E5%B1%8F%E4%B8%AD%E9%97%B4%E5%9B%BE.jpg?resize=525%2C300&ssl=1 1.5x, https:\/\/i0.wp.com\/airobotmaker.com\/wp-content\/uploads\/2025\/05\/%E7%AC%AC%E4%BA%8C%E5%B1%8F%E4%B8%AD%E9%97%B4%E5%9B%BE.jpg?resize=700%2C400&ssl=1 2x"},"classes":[]},{"id":8709,"url":"https:\/\/airobotmaker.com\/es\/robot-repartidor-big-dog-2\/","url_meta":{"origin":8705,"position":5},"title":"Robot repartidor Big Dog","author":"luo shunchao","date":"25\/10\/2024","format":false,"excerpt":"Perro grande Robot de reparto Plataforma SDK abierta Plataforma de hardware y software completamente abierta, que proporciona una interfaz API, una rica documentaci\u00f3n de soportet\u00e9cnico, que ayuda al desarrollo del producto en todo momento. Plataforma de servicios en la nube La plataforma en la nube admite la navegaci\u00f3n remota para\u2026","rel":"","context":"Entrada similar","block_context":{"text":"Entrada similar","link":""},"img":{"alt_text":"","src":"","width":0,"height":0},"classes":[]}],"_links":{"self":[{"href":"https:\/\/airobotmaker.com\/es\/wp-json\/wp\/v2\/pages\/8705","targetHints":{"allow":["GET"]}}],"collection":[{"href":"https:\/\/airobotmaker.com\/es\/wp-json\/wp\/v2\/pages"}],"about":[{"href":"https:\/\/airobotmaker.com\/es\/wp-json\/wp\/v2\/types\/page"}],"author":[{"embeddable":true,"href":"https:\/\/airobotmaker.com\/es\/wp-json\/wp\/v2\/users\/247580900"}],"replies":[{"embeddable":true,"href":"https:\/\/airobotmaker.com\/es\/wp-json\/wp\/v2\/comments?post=8705"}],"version-history":[{"count":1,"href":"https:\/\/airobotmaker.com\/es\/wp-json\/wp\/v2\/pages\/8705\/revisions"}],"predecessor-version":[{"id":8708,"href":"https:\/\/airobotmaker.com\/es\/wp-json\/wp\/v2\/pages\/8705\/revisions\/8708"}],"wp:attachment":[{"href":"https:\/\/airobotmaker.com\/es\/wp-json\/wp\/v2\/media?parent=8705"}],"curies":[{"name":"wp","href":"https:\/\/api.w.org\/{rel}","templated":true}]}}