{"id":8519,"date":"2024-11-08T19:48:30","date_gmt":"2024-11-08T11:48:30","guid":{"rendered":"https:\/\/airobotmaker.com\/empilhadeiras-autonomas-uma-nova-forca-na-cadeia-de-suprimentos-de-logistica-e-armazenamento\/"},"modified":"2024-11-15T09:45:41","modified_gmt":"2024-11-15T01:45:41","slug":"empilhadeiras-autonomas-uma-nova-forca-na-cadeia-de-suprimentos-de-logistica-e-armazenamento","status":"publish","type":"page","link":"https:\/\/airobotmaker.com\/pt-br\/empilhadeiras-autonomas-uma-nova-forca-na-cadeia-de-suprimentos-de-logistica-e-armazenamento\/","title":{"rendered":"Empilhadeiras aut\u00f4nomas: uma nova for\u00e7a na cadeia de suprimentos de log\u00edstica e armazenamento"},"content":{"rendered":"\t\t<div data-elementor-type=\"wp-page\" data-elementor-id=\"8519\" class=\"elementor elementor-8519 elementor-7919\">\n\t\t\t\t<div class=\"elementor-element elementor-element-c7c7224 e-flex e-con-boxed e-con e-parent\" data-id=\"c7c7224\" data-element_type=\"container\" data-e-type=\"container\">\n\t\t\t\t\t<div class=\"e-con-inner\">\n\t\t\t\t<div class=\"elementor-element elementor-element-de354c1 elementor-widget elementor-widget-heading\" data-id=\"de354c1\" data-element_type=\"widget\" data-e-type=\"widget\" data-widget_type=\"heading.default\">\n\t\t\t\t\t<h1 class=\"elementor-heading-title elementor-size-default\">Empilhadeiras aut\u00f4nomas: uma nova for\u00e7a na cadeia de suprimentos de log\u00edstica e armazenamento<\/h1>\t\t\t\t<\/div>\n\t\t\t\t<div class=\"elementor-element elementor-element-cb6a687 elementor-widget elementor-widget-text-editor\" data-id=\"cb6a687\" data-element_type=\"widget\" data-e-type=\"widget\" data-widget_type=\"text-editor.default\">\n\t\t\t\t\t\t\t\t\t<p> Em um movimentado centro de log\u00edstica e cadeia de suprimentos de armazenamento em Longhua, Shenzhen, Guangdong, China, todos os tipos de mercadorias de paletes s\u00e3o organizados ordenadamente, e as empilhadeiras aut\u00f4nomas transportam mercadorias de paletes para \u00e1reas designadas de maneira ordenada de acordo com as instru\u00e7\u00f5es de distribui\u00e7\u00e3o, com uma grande capacidade de carga de 1,5 toneladas e carga e descarga autom\u00e1tica de mercadorias de paletes, para que todo o processo de manuseio se torne eficiente e preciso, sem manuseio manual, economizando muito tempo e custos de m\u00e3o de obra.<\/p>\n\t\t\t\t\t\t\t\t<\/div>\n\t\t\t\t<div class=\"elementor-element elementor-element-ce25223 elementor-widget elementor-widget-image\" data-id=\"ce25223\" data-element_type=\"widget\" data-e-type=\"widget\" data-widget_type=\"image.default\">\n\t\t\t\t\t\t\t\t\t\t\t\t\t\t\t<img fetchpriority=\"high\" decoding=\"async\" data-attachment-id=\"8520\" data-permalink=\"https:\/\/airobotmaker.com\/pt-br\/empilhadeiras-autonomas-uma-nova-forca-na-cadeia-de-suprimentos-de-logistica-e-armazenamento\/%e5%9b%be%e7%89%8711-8-3\/\" data-orig-file=\"https:\/\/airobotmaker.com\/wp-content\/uploads\/2024\/11\/\u56fe\u724711.8.png\" data-orig-size=\"1267,845\" data-comments-opened=\"1\" data-image-meta=\"{&quot;aperture&quot;:&quot;0&quot;,&quot;credit&quot;:&quot;&quot;,&quot;camera&quot;:&quot;&quot;,&quot;caption&quot;:&quot;&quot;,&quot;created_timestamp&quot;:&quot;0&quot;,&quot;copyright&quot;:&quot;&quot;,&quot;focal_length&quot;:&quot;0&quot;,&quot;iso&quot;:&quot;0&quot;,&quot;shutter_speed&quot;:&quot;0&quot;,&quot;title&quot;:&quot;&quot;,&quot;orientation&quot;:&quot;0&quot;}\" data-image-title=\"\u56fe\u724711.8\" data-image-description=\"\" data-image-caption=\"\" data-medium-file=\"https:\/\/airobotmaker.com\/wp-content\/uploads\/2024\/11\/\u56fe\u724711.8-300x200.png\" data-large-file=\"https:\/\/airobotmaker.com\/wp-content\/uploads\/2024\/11\/\u56fe\u724711.8-1024x683.png\" width=\"1024\" height=\"683\" src=\"https:\/\/airobotmaker.com\/wp-content\/uploads\/2024\/11\/\u56fe\u724711.8-1024x683.png\" class=\"attachment-large size-large wp-image-8520\" alt=\"\" srcset=\"https:\/\/airobotmaker.com\/wp-content\/uploads\/2024\/11\/\u56fe\u724711.8-1024x683.png 1024w, https:\/\/airobotmaker.com\/wp-content\/uploads\/2024\/11\/\u56fe\u724711.8-300x200.png 300w, https:\/\/airobotmaker.com\/wp-content\/uploads\/2024\/11\/\u56fe\u724711.8-768x512.png 768w, https:\/\/airobotmaker.com\/wp-content\/uploads\/2024\/11\/\u56fe\u724711.8.png 1267w\" sizes=\"(max-width: 1024px) 100vw, 1024px\" data-attachment-id=\"8520\" data-permalink=\"https:\/\/airobotmaker.com\/pt-br\/empilhadeiras-autonomas-uma-nova-forca-na-cadeia-de-suprimentos-de-logistica-e-armazenamento\/%e5%9b%be%e7%89%8711-8-3\/\" data-orig-file=\"https:\/\/airobotmaker.com\/wp-content\/uploads\/2024\/11\/\u56fe\u724711.8.png\" data-orig-size=\"1267,845\" data-comments-opened=\"1\" data-image-meta=\"{&quot;aperture&quot;:&quot;0&quot;,&quot;credit&quot;:&quot;&quot;,&quot;camera&quot;:&quot;&quot;,&quot;caption&quot;:&quot;&quot;,&quot;created_timestamp&quot;:&quot;0&quot;,&quot;copyright&quot;:&quot;&quot;,&quot;focal_length&quot;:&quot;0&quot;,&quot;iso&quot;:&quot;0&quot;,&quot;shutter_speed&quot;:&quot;0&quot;,&quot;title&quot;:&quot;&quot;,&quot;orientation&quot;:&quot;0&quot;}\" data-image-title=\"\u56fe\u724711.8\" data-image-description=\"\" data-image-caption=\"\" data-medium-file=\"https:\/\/airobotmaker.com\/wp-content\/uploads\/2024\/11\/\u56fe\u724711.8-300x200.png\" data-large-file=\"https:\/\/airobotmaker.com\/wp-content\/uploads\/2024\/11\/\u56fe\u724711.8-1024x683.png\" \/>\t\t\t\t\t\t\t\t\t\t\t\t\t\t\t<\/div>\n\t\t\t\t<div class=\"elementor-element elementor-element-2b75214 elementor-widget elementor-widget-text-editor\" data-id=\"2b75214\" data-element_type=\"widget\" data-e-type=\"widget\" data-widget_type=\"text-editor.default\">\n\t\t\t\t\t\t\t\t\t<p> Vale ressaltar que a Empilhadeira Aut\u00f4noma pode ser perfeitamente conectada ao elevador, tarefas de entrega no andar cruzado, n\u00e3o importa em qual andar, a Empilhadeira Aut\u00f4noma pode entregar as mercadorias com rapidez e precis\u00e3o no local designado, cem ou duzentas vezes por dia no andar de cima e no andar de baixo para transportar mercadorias, economizando recados manuais, e as vantagens das Empilhadeiras Aut\u00f4nomas em termos de custo s\u00e3o muito proeminentes, Alguns meses podem retornar ao custo, apenas algumas dezenas de yuans de eletricidade podem funcionar por um m\u00eas, em compara\u00e7\u00e3o com o manuseio manual tradicional e empilhadeiras de combust\u00edvel, o custo \u00e9 bastante reduzido.<\/p>\n\t\t\t\t\t\t\t\t<\/div>\n\t\t\t\t<div class=\"elementor-element elementor-element-b6c905d elementor-widget elementor-widget-image\" data-id=\"b6c905d\" data-element_type=\"widget\" data-e-type=\"widget\" data-widget_type=\"image.default\">\n\t\t\t\t\t\t\t\t\t\t\t\t\t\t\t<img decoding=\"async\" data-attachment-id=\"8521\" data-permalink=\"https:\/\/airobotmaker.com\/pt-br\/empilhadeiras-autonomas-uma-nova-forca-na-cadeia-de-suprimentos-de-logistica-e-armazenamento\/%e5%9b%be%e7%89%8711-8-2-2\/\" data-orig-file=\"https:\/\/airobotmaker.com\/wp-content\/uploads\/2024\/11\/\u56fe\u724711.8-2.png\" data-orig-size=\"1267,845\" data-comments-opened=\"1\" data-image-meta=\"{&quot;aperture&quot;:&quot;0&quot;,&quot;credit&quot;:&quot;&quot;,&quot;camera&quot;:&quot;&quot;,&quot;caption&quot;:&quot;&quot;,&quot;created_timestamp&quot;:&quot;0&quot;,&quot;copyright&quot;:&quot;&quot;,&quot;focal_length&quot;:&quot;0&quot;,&quot;iso&quot;:&quot;0&quot;,&quot;shutter_speed&quot;:&quot;0&quot;,&quot;title&quot;:&quot;&quot;,&quot;orientation&quot;:&quot;0&quot;}\" data-image-title=\"\u56fe\u724711.8-2\" data-image-description=\"\" data-image-caption=\"\" data-medium-file=\"https:\/\/airobotmaker.com\/wp-content\/uploads\/2024\/11\/\u56fe\u724711.8-2-300x200.png\" data-large-file=\"https:\/\/airobotmaker.com\/wp-content\/uploads\/2024\/11\/\u56fe\u724711.8-2-1024x683.png\" width=\"1024\" height=\"683\" src=\"https:\/\/airobotmaker.com\/wp-content\/uploads\/2024\/11\/\u56fe\u724711.8-2-1024x683.png\" class=\"attachment-large size-large wp-image-8521\" alt=\"\" srcset=\"https:\/\/airobotmaker.com\/wp-content\/uploads\/2024\/11\/\u56fe\u724711.8-2-1024x683.png 1024w, https:\/\/airobotmaker.com\/wp-content\/uploads\/2024\/11\/\u56fe\u724711.8-2-300x200.png 300w, https:\/\/airobotmaker.com\/wp-content\/uploads\/2024\/11\/\u56fe\u724711.8-2-768x512.png 768w, https:\/\/airobotmaker.com\/wp-content\/uploads\/2024\/11\/\u56fe\u724711.8-2.png 1267w\" sizes=\"(max-width: 1024px) 100vw, 1024px\" data-attachment-id=\"8521\" data-permalink=\"https:\/\/airobotmaker.com\/pt-br\/empilhadeiras-autonomas-uma-nova-forca-na-cadeia-de-suprimentos-de-logistica-e-armazenamento\/%e5%9b%be%e7%89%8711-8-2-2\/\" data-orig-file=\"https:\/\/airobotmaker.com\/wp-content\/uploads\/2024\/11\/\u56fe\u724711.8-2.png\" data-orig-size=\"1267,845\" data-comments-opened=\"1\" data-image-meta=\"{&quot;aperture&quot;:&quot;0&quot;,&quot;credit&quot;:&quot;&quot;,&quot;camera&quot;:&quot;&quot;,&quot;caption&quot;:&quot;&quot;,&quot;created_timestamp&quot;:&quot;0&quot;,&quot;copyright&quot;:&quot;&quot;,&quot;focal_length&quot;:&quot;0&quot;,&quot;iso&quot;:&quot;0&quot;,&quot;shutter_speed&quot;:&quot;0&quot;,&quot;title&quot;:&quot;&quot;,&quot;orientation&quot;:&quot;0&quot;}\" data-image-title=\"\u56fe\u724711.8-2\" data-image-description=\"\" data-image-caption=\"\" data-medium-file=\"https:\/\/airobotmaker.com\/wp-content\/uploads\/2024\/11\/\u56fe\u724711.8-2-300x200.png\" data-large-file=\"https:\/\/airobotmaker.com\/wp-content\/uploads\/2024\/11\/\u56fe\u724711.8-2-1024x683.png\" \/>\t\t\t\t\t\t\t\t\t\t\t\t\t\t\t<\/div>\n\t\t\t\t<div class=\"elementor-element elementor-element-3d3afe4 elementor-widget elementor-widget-text-editor\" data-id=\"3d3afe4\" data-element_type=\"widget\" data-e-type=\"widget\" data-widget_type=\"text-editor.default\">\n\t\t\t\t\t\t\t\t\t<p> Sua tecnologia de troca de bateria permite movimentar mercadorias 24 horas por dia. Quando a energia \u00e9 insuficiente, a bateria \u00e9 rapidamente substitu\u00edda, para que a Empilhadeira Aut\u00f4noma possa ser colocada em funcionamento novamente, e leva apenas 1 hora para carregar totalmente, o que melhora muito a efici\u00eancia do manuseio e garante que a opera\u00e7\u00e3o de log\u00edstica e armazenamento n\u00e3o seja interrompida pela espera pelo carregamento. <\/p>\n<p> O surgimento das empilhadeiras aut\u00f4nomas trouxe mudan\u00e7as revolucion\u00e1rias para o setor de log\u00edstica e armazenamento. Ele n\u00e3o apenas melhora a efici\u00eancia do manuseio e reduz o custo, mas tamb\u00e9m traz um espa\u00e7o de desenvolvimento mais amplo para a empresa. No futuro, as empilhadeiras aut\u00f4nomas se tornar\u00e3o o esteio da ind\u00fastria de log\u00edstica e armazenamento, levando a ind\u00fastria a uma nova era mais inteligente e eficiente.  <\/p>\n\t\t\t\t\t\t\t\t<\/div>\n\t\t\t\t\t<\/div>\n\t\t\t\t<\/div>\n\t\t<div class=\"elementor-element elementor-element-1d8ed1a e-flex e-con-boxed e-con e-parent\" data-id=\"1d8ed1a\" data-element_type=\"container\" data-e-type=\"container\">\n\t\t\t\t\t<div class=\"e-con-inner\">\n\t\t<div class=\"elementor-element elementor-element-1922597 e-con-full e-flex e-con e-child\" data-id=\"1922597\" data-element_type=\"container\" data-e-type=\"container\">\n\t\t<div class=\"elementor-element elementor-element-3c639e7 e-con-full e-flex e-con e-child\" data-id=\"3c639e7\" data-element_type=\"container\" data-e-type=\"container\">\n\t\t\t\t<div class=\"elementor-element elementor-element-17b7226 elementor-widget elementor-widget-button\" data-id=\"17b7226\" data-element_type=\"widget\" data-e-type=\"widget\" data-widget_type=\"button.default\">\n\t\t\t\t\t\t\t\t\t\t<a class=\"elementor-button elementor-button-link elementor-size-sm\" href=\"https:\/\/airobotmaker.com\/forklifts-change-handling-efficiency\/\">\n\t\t\t\t\t\t<span class=\"elementor-button-content-wrapper\">\n\t\t\t\t\t\t<span class=\"elementor-button-icon\">\n\t\t\t\t<svg aria-hidden=\"true\" class=\"e-font-icon-svg e-fas-arrow-left\" viewBox=\"0 0 448 512\" xmlns=\"http:\/\/www.w3.org\/2000\/svg\"><path d=\"M257.5 445.1l-22.2 22.2c-9.4 9.4-24.6 9.4-33.9 0L7 273c-9.4-9.4-9.4-24.6 0-33.9L201.4 44.7c9.4-9.4 24.6-9.4 33.9 0l22.2 22.2c9.5 9.5 9.3 25-.4 34.3L136.6 216H424c13.3 0 24 10.7 24 24v32c0 13.3-10.7 24-24 24H136.6l120.5 114.8c9.8 9.3 10 24.8.4 34.3z\"><\/path><\/svg>\t\t\t<\/span>\n\t\t\t\t\t\t\t\t\t<span class=\"elementor-button-text\">Anterior<\/span>\n\t\t\t\t\t<\/span>\n\t\t\t\t\t<\/a>\n\t\t\t\t\t\t\t\t<\/div>\n\t\t\t\t<\/div>\n\t\t<div class=\"elementor-element elementor-element-166b907 e-con-full e-flex e-con e-child\" data-id=\"166b907\" data-element_type=\"container\" data-e-type=\"container\">\n\t\t\t\t<\/div>\n\t\t<div class=\"elementor-element elementor-element-f68db3e e-con-full e-flex e-con e-child\" data-id=\"f68db3e\" data-element_type=\"container\" data-e-type=\"container\">\n\t\t\t\t<\/div>\n\t\t<div class=\"elementor-element elementor-element-14da6be e-con-full e-flex e-con e-child\" data-id=\"14da6be\" data-element_type=\"container\" data-e-type=\"container\">\n\t\t\t\t<div class=\"elementor-element elementor-element-5badd77 elementor-widget elementor-widget-button\" data-id=\"5badd77\" data-element_type=\"widget\" data-e-type=\"widget\" data-widget_type=\"button.default\">\n\t\t\t\t\t\t\t\t\t\t<a class=\"elementor-button elementor-size-sm\" role=\"button\">\n\t\t\t\t\t\t<span class=\"elementor-button-content-wrapper\">\n\t\t\t\t\t\t<span class=\"elementor-button-icon\">\n\t\t\t\t<svg aria-hidden=\"true\" class=\"e-font-icon-svg e-fas-arrow-right\" viewBox=\"0 0 448 512\" xmlns=\"http:\/\/www.w3.org\/2000\/svg\"><path d=\"M190.5 66.9l22.2-22.2c9.4-9.4 24.6-9.4 33.9 0L441 239c9.4 9.4 9.4 24.6 0 33.9L246.6 467.3c-9.4 9.4-24.6 9.4-33.9 0l-22.2-22.2c-9.5-9.5-9.3-25 .4-34.3L311.4 296H24c-13.3 0-24-10.7-24-24v-32c0-13.3 10.7-24 24-24h287.4L190.9 101.2c-9.8-9.3-10-24.8-.4-34.3z\"><\/path><\/svg>\t\t\t<\/span>\n\t\t\t\t\t\t\t\t\t<span class=\"elementor-button-text\">Pr\u00f3ximo<\/span>\n\t\t\t\t\t<\/span>\n\t\t\t\t\t<\/a>\n\t\t\t\t\t\t\t\t<\/div>\n\t\t\t\t<\/div>\n\t\t\t\t<\/div>\n\t\t\t\t\t<\/div>\n\t\t\t\t<\/div>\n\t\t\t\t<\/div>\n\t\t","protected":false},"excerpt":{"rendered":"<p>Empilhadeiras aut\u00f4nomas: uma nova for\u00e7a na cadeia de suprimentos de log\u00edstica e armazenamento Em um movimentado centro de log\u00edstica e [&hellip;]<\/p>\n","protected":false},"author":247580900,"featured_media":0,"parent":0,"menu_order":0,"comment_status":"closed","ping_status":"closed","template":"","meta":{"_crdt_document":"","om_disable_all_campaigns":false,"_uag_custom_page_level_css":"","advgb_blocks_editor_width":"","advgb_blocks_columns_visual_guide":"","site-sidebar-layout":"no-sidebar","site-content-layout":"","ast-site-content-layout":"full-width-container","site-content-style":"default","site-sidebar-style":"default","ast-global-header-display":"","ast-banner-title-visibility":"","ast-main-header-display":"","ast-hfb-above-header-display":"","ast-hfb-below-header-display":"","ast-hfb-mobile-header-display":"","site-post-title":"disabled","ast-breadcrumbs-content":"","ast-featured-img":"disabled","footer-sml-layout":"","theme-transparent-header-meta":"","adv-header-id-meta":"","stick-header-meta":"","header-above-stick-meta":"","header-main-stick-meta":"","header-below-stick-meta":"","astra-migrate-meta-layouts":"default","ast-page-background-enabled":"default","ast-page-background-meta":{"desktop":{"background-color":"var(--ast-global-color-4)","background-image":"","background-repeat":"repeat","background-position":"center center","background-size":"auto","background-attachment":"scroll","background-type":"","background-media":"","overlay-type":"","overlay-color":"","overlay-opacity":"","overlay-gradient":""},"tablet":{"background-color":"","background-image":"","background-repeat":"repeat","background-position":"center center","background-size":"auto","background-attachment":"scroll","background-type":"","background-media":"","overlay-type":"","overlay-color":"","overlay-opacity":"","overlay-gradient":""},"mobile":{"background-color":"","background-image":"","background-repeat":"repeat","background-position":"center center","background-size":"auto","background-attachment":"scroll","background-type":"","background-media":"","overlay-type":"","overlay-color":"","overlay-opacity":"","overlay-gradient":""}},"ast-content-background-meta":{"desktop":{"background-color":"var(--ast-global-color-5)","background-image":"","background-repeat":"repeat","background-position":"center center","background-size":"auto","background-attachment":"scroll","background-type":"","background-media":"","overlay-type":"","overlay-color":"","overlay-opacity":"","overlay-gradient":""},"tablet":{"background-color":"var(--ast-global-color-5)","background-image":"","background-repeat":"repeat","background-position":"center center","background-size":"auto","background-attachment":"scroll","background-type":"","background-media":"","overlay-type":"","overlay-color":"","overlay-opacity":"","overlay-gradient":""},"mobile":{"background-color":"var(--ast-global-color-5)","background-image":"","background-repeat":"repeat","background-position":"center center","background-size":"auto","background-attachment":"scroll","background-type":"","background-media":"","overlay-type":"","overlay-color":"","overlay-opacity":"","overlay-gradient":""}},"jetpack_post_was_ever_published":false,"footnotes":""},"class_list":["post-8519","page","type-page","status-publish","hentry"],"aioseo_notices":[],"uagb_featured_image_src":{"full":false,"thumbnail":false,"medium":false,"medium_large":false,"large":false,"1536x1536":false,"2048x2048":false,"newspack-article-block-landscape-large":false,"newspack-article-block-portrait-large":false,"newspack-article-block-square-large":false,"newspack-article-block-landscape-medium":false,"newspack-article-block-portrait-medium":false,"newspack-article-block-square-medium":false,"newspack-article-block-landscape-intermediate":false,"newspack-article-block-portrait-intermediate":false,"newspack-article-block-square-intermediate":false,"newspack-article-block-landscape-small":false,"newspack-article-block-portrait-small":false,"newspack-article-block-square-small":false,"newspack-article-block-landscape-tiny":false,"newspack-article-block-portrait-tiny":false,"newspack-article-block-square-tiny":false,"newspack-article-block-uncropped":false},"uagb_author_info":{"display_name":"luo shunchao","author_link":"https:\/\/airobotmaker.com\/pt-br\/author\/luoshunchao2023\/"},"uagb_comment_info":0,"uagb_excerpt":"Empilhadeiras aut\u00f4nomas: uma nova for\u00e7a na cadeia de suprimentos de log\u00edstica e armazenamento Em um movimentado centro de log\u00edstica e [&hellip;]","coauthors":[],"author_meta":{"author_link":"https:\/\/airobotmaker.com\/pt-br\/author\/luoshunchao2023\/","display_name":"luo shunchao"},"relative_dates":{"created":"Publicado 1 ano atr\u00e1s","modified":"Atualizado 1 ano atr\u00e1s"},"absolute_dates":{"created":"Publicado em 08\/11\/2024","modified":"Atualizado em 15\/11\/2024"},"absolute_dates_time":{"created":"Publicado em 08\/11\/2024 19:48","modified":"Atualizado em 15\/11\/2024 09:45"},"featured_img_caption":"","featured_img":false,"series_order":"","jetpack_likes_enabled":false,"jetpack_sharing_enabled":true,"jetpack_shortlink":"https:\/\/wp.me\/Ph53Kn-2dp","jetpack-related-posts":[{"id":8548,"url":"https:\/\/airobotmaker.com\/pt-br\/empilhadeiras-capacitam-fabricas\/","url_meta":{"origin":8519,"position":0},"title":"Empilhadeiras capacitam f\u00e1bricas","author":"luo shunchao","date":"06\/11\/2024","format":false,"excerpt":"Opera\u00e7\u00e3o ininterrupta 24 horas por dia, 7 dias por semana, empilhadeiras Airobotmaker capacitam f\u00e1bricas https:\/\/www.youtube.com\/watch?v=LqAdlS4SnkcIntrodu\u00e7\u00e3o de fundo A f\u00e1brica ocupa uma \u00e1rea de 48.726 metros quadrados e inclui v\u00e1rias \u00e1reas: um armaz\u00e9m de mat\u00e9ria-prima de 3 andares, um armaz\u00e9m frigor\u00edfico, uma oficina de produ\u00e7\u00e3o de 2 andares e um armaz\u00e9m\u2026","rel":"","context":"Post similar","block_context":{"text":"Post similar","link":""},"img":{"alt_text":"","src":"","width":0,"height":0},"classes":[]},{"id":8554,"url":"https:\/\/airobotmaker.com\/pt-br\/ironbov\/","url_meta":{"origin":8519,"position":1},"title":"IronBov","author":"luo shunchao","date":"26\/10\/2024","format":false,"excerpt":"lronBov Rob\u00f4 de transporte latente Plataforma SDK aberto Plataforma de hardware e software totalmente aberta, fornecendo interface API, rica documenta\u00e7\u00e3o de suporte t\u00e9cnico, auxiliando no desenvolvimento de produtos por toda parte. Plataforma de servi\u00e7o em nuvem A plataforma de nuvem oferece suporte \u00e0 navega\u00e7\u00e3o remota para criar uma implanta\u00e7\u00e3o de\u2026","rel":"","context":"Post similar","block_context":{"text":"Post similar","link":""},"img":{"alt_text":"","src":"","width":0,"height":0},"classes":[]},{"id":8540,"url":"https:\/\/airobotmaker.com\/pt-br\/fly-boat-robo-de-entrega\/","url_meta":{"origin":8519,"position":2},"title":"Fly Boat Rob\u00f4 de entrega","author":"luo shunchao","date":"26\/10\/2024","format":false,"excerpt":"Fly Boat Rob\u00f4 de entrega Plataforma SDK aberto Plataforma de hardware e software totalmente aberta, fornecendo interface API, rica documenta\u00e7\u00e3o de suporte t\u00e9cnico, auxiliando no desenvolvimento de produtos por toda parte. Plataforma de servi\u00e7o em nuvem A plataforma de nuvem oferece suporte \u00e0 navega\u00e7\u00e3o remota para criar uma implanta\u00e7\u00e3o de\u2026","rel":"","context":"Post similar","block_context":{"text":"Post similar","link":""},"img":{"alt_text":"","src":"","width":0,"height":0},"classes":[]},{"id":8563,"url":"https:\/\/airobotmaker.com\/pt-br\/empilhadeira-autonoma-ironhide\/","url_meta":{"origin":8519,"position":3},"title":"Empilhadeira aut\u00f4noma Ironhide","author":"reemanbot","date":"03\/11\/2024","format":false,"excerpt":"Ironhide Empilhadeira Aut\u00f4nomaPlataforma SDK aberto Plataforma de hardware e software totalmente aberta, fornecendo interface API, rica documenta\u00e7\u00e3o de suporte t\u00e9cnico, auxiliando no desenvolvimento de produtos por toda parte. Plataforma de servi\u00e7o em nuvem A plataforma de nuvem oferece suporte \u00e0 navega\u00e7\u00e3o remota para criar uma implanta\u00e7\u00e3o de mapa, exibi\u00e7\u00e3o em\u2026","rel":"","context":"Post similar","block_context":{"text":"Post similar","link":""},"img":{"alt_text":"Forklift load-bearing introduced","src":"https:\/\/i0.wp.com\/airobotmaker.com\/wp-content\/uploads\/2024\/09\/%E5%8F%82%E6%95%B0%E5%9B%BE-%E9%80%8F%E6%98%8E%E5%BA%95.png?resize=350%2C200&ssl=1","width":350,"height":200,"srcset":"https:\/\/i0.wp.com\/airobotmaker.com\/wp-content\/uploads\/2024\/09\/%E5%8F%82%E6%95%B0%E5%9B%BE-%E9%80%8F%E6%98%8E%E5%BA%95.png?resize=350%2C200&ssl=1 1x, https:\/\/i0.wp.com\/airobotmaker.com\/wp-content\/uploads\/2024\/09\/%E5%8F%82%E6%95%B0%E5%9B%BE-%E9%80%8F%E6%98%8E%E5%BA%95.png?resize=525%2C300&ssl=1 1.5x"},"classes":[]},{"id":8603,"url":"https:\/\/airobotmaker.com\/pt-br\/stackman\/","url_meta":{"origin":8519,"position":4},"title":"Stackman","author":"luo shunchao","date":"26\/10\/2024","format":false,"excerpt":"Stackman 1200 Empilhadeira Aut\u00f4noma Plataforma SDK aberto Plataforma de hardware e software totalmente aberta, fornecendo interface API, rica documenta\u00e7\u00e3o de suporte t\u00e9cnico, auxiliando no desenvolvimento de produtos por toda parte. Plataforma de servi\u00e7o em nuvem A plataforma em nuvem suporta navega\u00e7\u00e3o remota para criar uma implanta\u00e7\u00e3o de mapa, exibi\u00e7\u00e3o em\u2026","rel":"","context":"Post similar","block_context":{"text":"Post similar","link":""},"img":{"alt_text":"","src":"","width":0,"height":0},"classes":[]},{"id":8589,"url":"https:\/\/airobotmaker.com\/pt-br\/rinoceronte\/","url_meta":{"origin":8519,"position":5},"title":"Rinoceronte","author":"luo shunchao","date":"12\/11\/2024","format":false,"excerpt":"Rinoceronte Aut\u00f4nomoEmpilhadeiras Carga \u00fatil grande de 1,5 TNavega\u00e7\u00e3o SLAM a laserPreven\u00e7\u00e3o inteligente de obst\u00e1culos.Carregamento autom\u00e1tico40.000 \u33a1 De mapeamento de navega\u00e7\u00e3oSistema de Despacho Aut\u00f4nomo2,5 m de eleva\u00e7\u00e3oRadar a laser de linha \u00fanica de 60m Altura de eleva\u00e7\u00e3o de 2,5 m Empilhamento Carregando Uso em v\u00e1rios cen\u00e1rios. Carga \u00fatil grande de 1,5\u2026","rel":"","context":"Post similar","block_context":{"text":"Post similar","link":""},"img":{"alt_text":"null","src":"https:\/\/i0.wp.com\/airobotmaker.com\/wp-content\/uploads\/2025\/05\/%E7%AC%AC%E4%BA%8C%E5%B1%8F%E4%B8%AD%E9%97%B4%E5%9B%BE.jpg?resize=350%2C200&ssl=1","width":350,"height":200,"srcset":"https:\/\/i0.wp.com\/airobotmaker.com\/wp-content\/uploads\/2025\/05\/%E7%AC%AC%E4%BA%8C%E5%B1%8F%E4%B8%AD%E9%97%B4%E5%9B%BE.jpg?resize=350%2C200&ssl=1 1x, https:\/\/i0.wp.com\/airobotmaker.com\/wp-content\/uploads\/2025\/05\/%E7%AC%AC%E4%BA%8C%E5%B1%8F%E4%B8%AD%E9%97%B4%E5%9B%BE.jpg?resize=525%2C300&ssl=1 1.5x, https:\/\/i0.wp.com\/airobotmaker.com\/wp-content\/uploads\/2025\/05\/%E7%AC%AC%E4%BA%8C%E5%B1%8F%E4%B8%AD%E9%97%B4%E5%9B%BE.jpg?resize=700%2C400&ssl=1 2x"},"classes":[]}],"_links":{"self":[{"href":"https:\/\/airobotmaker.com\/pt-br\/wp-json\/wp\/v2\/pages\/8519","targetHints":{"allow":["GET"]}}],"collection":[{"href":"https:\/\/airobotmaker.com\/pt-br\/wp-json\/wp\/v2\/pages"}],"about":[{"href":"https:\/\/airobotmaker.com\/pt-br\/wp-json\/wp\/v2\/types\/page"}],"author":[{"embeddable":true,"href":"https:\/\/airobotmaker.com\/pt-br\/wp-json\/wp\/v2\/users\/247580900"}],"replies":[{"embeddable":true,"href":"https:\/\/airobotmaker.com\/pt-br\/wp-json\/wp\/v2\/comments?post=8519"}],"version-history":[{"count":1,"href":"https:\/\/airobotmaker.com\/pt-br\/wp-json\/wp\/v2\/pages\/8519\/revisions"}],"predecessor-version":[{"id":8522,"href":"https:\/\/airobotmaker.com\/pt-br\/wp-json\/wp\/v2\/pages\/8519\/revisions\/8522"}],"wp:attachment":[{"href":"https:\/\/airobotmaker.com\/pt-br\/wp-json\/wp\/v2\/media?parent=8519"}],"curies":[{"name":"wp","href":"https:\/\/api.w.org\/{rel}","templated":true}]}}