{"id":10138,"date":"2024-11-08T19:48:30","date_gmt":"2024-11-08T11:48:30","guid":{"rendered":"https:\/\/airobotmaker.com\/otonom-forkliftler-lojistik-ve-depolama-tedarik-zincirinde-yeni-bir-guc\/"},"modified":"2024-12-18T15:32:31","modified_gmt":"2024-12-18T07:32:31","slug":"otonom-forkliftler-lojistik-ve-depolama-tedarik-zincirinde-yeni-bir-guc","status":"publish","type":"page","link":"https:\/\/airobotmaker.com\/tr\/otonom-forkliftler-lojistik-ve-depolama-tedarik-zincirinde-yeni-bir-guc\/","title":{"rendered":"Otonom forkliftler: lojistik ve depolama tedarik zincirinde yeni bir g\u00fc\u00e7"},"content":{"rendered":"\t\t<div data-elementor-type=\"wp-page\" data-elementor-id=\"10138\" class=\"elementor elementor-10138 elementor-7919\">\n\t\t\t\t<div class=\"elementor-element elementor-element-c7c7224 e-flex e-con-boxed e-con e-parent\" data-id=\"c7c7224\" data-element_type=\"container\" data-e-type=\"container\">\n\t\t\t\t\t<div class=\"e-con-inner\">\n\t\t\t\t<div class=\"elementor-element elementor-element-de354c1 elementor-widget elementor-widget-heading\" data-id=\"de354c1\" data-element_type=\"widget\" data-e-type=\"widget\" data-widget_type=\"heading.default\">\n\t\t\t\t\t<h1 class=\"elementor-heading-title elementor-size-default\">Otonom forkliftler: lojistik ve depolama tedarik zincirinde yeni bir g\u00fc\u00e7<\/h1>\t\t\t\t<\/div>\n\t\t\t\t<div class=\"elementor-element elementor-element-cb6a687 elementor-widget elementor-widget-text-editor\" data-id=\"cb6a687\" data-element_type=\"widget\" data-e-type=\"widget\" data-widget_type=\"text-editor.default\">\n\t\t\t\t\t\t\t\t\t<p> Longhua, Shenzhen, Guangdong, \u00c7in&#8217;deki yo\u011fun bir lojistik ve depolama tedarik zinciri merkezinde, her t\u00fcrl\u00fc palet \u00fcr\u00fcn\u00fc d\u00fczg\u00fcn bir \u015fekilde d\u00fczenlenir ve Otonom Forkliftler, palet mallar\u0131n\u0131 da\u011f\u0131t\u0131m talimatlar\u0131na g\u00f6re d\u00fczenli bir \u015fekilde belirlenen alanlara ta\u015f\u0131r, 1,5 tonluk b\u00fcy\u00fck bir y\u00fck kapasitesi ve palet mallar\u0131n\u0131n otomatik olarak y\u00fcklenmesi ve bo\u015falt\u0131lmas\u0131, b\u00f6ylece t\u00fcm ta\u015f\u0131ma s\u00fcrecinin verimli ve do\u011fru hale gelmesi, manuel kullan\u0131m olmadan, \u00e7ok fazla zaman ve i\u015f\u00e7ilik maliyetinden tasarruf sa\u011flar.<\/p>\n\t\t\t\t\t\t\t\t<\/div>\n\t\t\t\t<div class=\"elementor-element elementor-element-ce25223 elementor-widget elementor-widget-image\" data-id=\"ce25223\" data-element_type=\"widget\" data-e-type=\"widget\" data-widget_type=\"image.default\">\n\t\t\t\t\t\t\t\t\t\t\t\t\t\t\t<img fetchpriority=\"high\" decoding=\"async\" data-attachment-id=\"10139\" data-permalink=\"https:\/\/airobotmaker.com\/tr\/otonom-forkliftler-lojistik-ve-depolama-tedarik-zincirinde-yeni-bir-guc\/%e5%9b%be%e7%89%8711-8-3\/\" data-orig-file=\"https:\/\/airobotmaker.com\/wp-content\/uploads\/2024\/11\/\u56fe\u724711.8.png\" data-orig-size=\"1267,845\" data-comments-opened=\"1\" data-image-meta=\"{&quot;aperture&quot;:&quot;0&quot;,&quot;credit&quot;:&quot;&quot;,&quot;camera&quot;:&quot;&quot;,&quot;caption&quot;:&quot;&quot;,&quot;created_timestamp&quot;:&quot;0&quot;,&quot;copyright&quot;:&quot;&quot;,&quot;focal_length&quot;:&quot;0&quot;,&quot;iso&quot;:&quot;0&quot;,&quot;shutter_speed&quot;:&quot;0&quot;,&quot;title&quot;:&quot;&quot;,&quot;orientation&quot;:&quot;0&quot;}\" data-image-title=\"\u56fe\u724711.8\" data-image-description=\"\" data-image-caption=\"\" data-large-file=\"https:\/\/airobotmaker.com\/wp-content\/uploads\/2024\/11\/\u56fe\u724711.8-1024x683.png\" width=\"1024\" height=\"683\" src=\"https:\/\/airobotmaker.com\/wp-content\/uploads\/2024\/11\/\u56fe\u724711.8-1024x683.png\" class=\"attachment-large size-large wp-image-10139\" alt=\"\" srcset=\"https:\/\/airobotmaker.com\/wp-content\/uploads\/2024\/11\/\u56fe\u724711.8-1024x683.png 1024w, https:\/\/airobotmaker.com\/wp-content\/uploads\/2024\/11\/\u56fe\u724711.8-300x200.png 300w, https:\/\/airobotmaker.com\/wp-content\/uploads\/2024\/11\/\u56fe\u724711.8-768x512.png 768w, https:\/\/airobotmaker.com\/wp-content\/uploads\/2024\/11\/\u56fe\u724711.8.png 1267w\" sizes=\"(max-width: 1024px) 100vw, 1024px\" data-attachment-id=\"10139\" data-permalink=\"https:\/\/airobotmaker.com\/tr\/otonom-forkliftler-lojistik-ve-depolama-tedarik-zincirinde-yeni-bir-guc\/%e5%9b%be%e7%89%8711-8-3\/\" data-orig-file=\"https:\/\/airobotmaker.com\/wp-content\/uploads\/2024\/11\/\u56fe\u724711.8.png\" data-orig-size=\"1267,845\" data-comments-opened=\"1\" data-image-meta=\"{&quot;aperture&quot;:&quot;0&quot;,&quot;credit&quot;:&quot;&quot;,&quot;camera&quot;:&quot;&quot;,&quot;caption&quot;:&quot;&quot;,&quot;created_timestamp&quot;:&quot;0&quot;,&quot;copyright&quot;:&quot;&quot;,&quot;focal_length&quot;:&quot;0&quot;,&quot;iso&quot;:&quot;0&quot;,&quot;shutter_speed&quot;:&quot;0&quot;,&quot;title&quot;:&quot;&quot;,&quot;orientation&quot;:&quot;0&quot;}\" data-image-title=\"\u56fe\u724711.8\" data-image-description=\"\" data-image-caption=\"\" data-large-file=\"https:\/\/airobotmaker.com\/wp-content\/uploads\/2024\/11\/\u56fe\u724711.8-1024x683.png\" \/>\t\t\t\t\t\t\t\t\t\t\t\t\t\t\t<\/div>\n\t\t\t\t<div class=\"elementor-element elementor-element-2b75214 elementor-widget elementor-widget-text-editor\" data-id=\"2b75214\" data-element_type=\"widget\" data-e-type=\"widget\" data-widget_type=\"text-editor.default\">\n\t\t\t\t\t\t\t\t\t<p> Otonom Forklift&#8217;in asans\u00f6re sorunsuz bir \u015fekilde ba\u011flanabildi\u011fini, katlar aras\u0131 teslimat g\u00f6revlerinin, hangi katta olursa olsun, Otonom Forklift&#8217;in mallar\u0131 belirlenen yere h\u0131zl\u0131 ve do\u011fru bir \u015fekilde teslim edebildi\u011fini, mallar\u0131 ta\u015f\u0131mak i\u00e7in g\u00fcnde bir veya iki y\u00fcz kez \u00fcst katta ve alt katta, manuel i\u015flerden tasarruf sa\u011flad\u0131\u011f\u0131n\u0131 ve Otonom Forkliftlerin maliyet a\u00e7\u0131s\u0131ndan avantajlar\u0131n\u0131n \u00e7ok belirgin oldu\u011funu belirtmekte fayda var, Birka\u00e7 ay maliyete geri d\u00f6nebilir, geleneksel manuel ta\u015f\u0131ma ve yak\u0131tl\u0131 forkliftlerle kar\u015f\u0131la\u015ft\u0131r\u0131ld\u0131\u011f\u0131nda sadece birka\u00e7 d\u00fczine yuan elektrik bir ay boyunca \u00e7al\u0131\u015fabilir, maliyet b\u00fcy\u00fck \u00f6l\u00e7\u00fcde azal\u0131r.<\/p>\n\t\t\t\t\t\t\t\t<\/div>\n\t\t\t\t<div class=\"elementor-element elementor-element-b6c905d elementor-widget elementor-widget-image\" data-id=\"b6c905d\" data-element_type=\"widget\" data-e-type=\"widget\" data-widget_type=\"image.default\">\n\t\t\t\t\t\t\t\t\t\t\t\t\t\t\t<img decoding=\"async\" data-attachment-id=\"10140\" data-permalink=\"https:\/\/airobotmaker.com\/tr\/otonom-forkliftler-lojistik-ve-depolama-tedarik-zincirinde-yeni-bir-guc\/%e5%9b%be%e7%89%8711-8-2-2\/\" data-orig-file=\"https:\/\/airobotmaker.com\/wp-content\/uploads\/2024\/11\/\u56fe\u724711.8-2.png\" data-orig-size=\"1267,845\" data-comments-opened=\"1\" data-image-meta=\"{&quot;aperture&quot;:&quot;0&quot;,&quot;credit&quot;:&quot;&quot;,&quot;camera&quot;:&quot;&quot;,&quot;caption&quot;:&quot;&quot;,&quot;created_timestamp&quot;:&quot;0&quot;,&quot;copyright&quot;:&quot;&quot;,&quot;focal_length&quot;:&quot;0&quot;,&quot;iso&quot;:&quot;0&quot;,&quot;shutter_speed&quot;:&quot;0&quot;,&quot;title&quot;:&quot;&quot;,&quot;orientation&quot;:&quot;0&quot;}\" data-image-title=\"\u56fe\u724711.8-2\" data-image-description=\"\" data-image-caption=\"\" data-large-file=\"https:\/\/airobotmaker.com\/wp-content\/uploads\/2024\/11\/\u56fe\u724711.8-2-1024x683.png\" width=\"1024\" height=\"683\" src=\"https:\/\/airobotmaker.com\/wp-content\/uploads\/2024\/11\/\u56fe\u724711.8-2-1024x683.png\" class=\"attachment-large size-large wp-image-10140\" alt=\"\" srcset=\"https:\/\/airobotmaker.com\/wp-content\/uploads\/2024\/11\/\u56fe\u724711.8-2-1024x683.png 1024w, https:\/\/airobotmaker.com\/wp-content\/uploads\/2024\/11\/\u56fe\u724711.8-2-300x200.png 300w, https:\/\/airobotmaker.com\/wp-content\/uploads\/2024\/11\/\u56fe\u724711.8-2-768x512.png 768w, https:\/\/airobotmaker.com\/wp-content\/uploads\/2024\/11\/\u56fe\u724711.8-2.png 1267w\" sizes=\"(max-width: 1024px) 100vw, 1024px\" data-attachment-id=\"10140\" data-permalink=\"https:\/\/airobotmaker.com\/tr\/otonom-forkliftler-lojistik-ve-depolama-tedarik-zincirinde-yeni-bir-guc\/%e5%9b%be%e7%89%8711-8-2-2\/\" data-orig-file=\"https:\/\/airobotmaker.com\/wp-content\/uploads\/2024\/11\/\u56fe\u724711.8-2.png\" data-orig-size=\"1267,845\" data-comments-opened=\"1\" data-image-meta=\"{&quot;aperture&quot;:&quot;0&quot;,&quot;credit&quot;:&quot;&quot;,&quot;camera&quot;:&quot;&quot;,&quot;caption&quot;:&quot;&quot;,&quot;created_timestamp&quot;:&quot;0&quot;,&quot;copyright&quot;:&quot;&quot;,&quot;focal_length&quot;:&quot;0&quot;,&quot;iso&quot;:&quot;0&quot;,&quot;shutter_speed&quot;:&quot;0&quot;,&quot;title&quot;:&quot;&quot;,&quot;orientation&quot;:&quot;0&quot;}\" data-image-title=\"\u56fe\u724711.8-2\" data-image-description=\"\" data-image-caption=\"\" data-large-file=\"https:\/\/airobotmaker.com\/wp-content\/uploads\/2024\/11\/\u56fe\u724711.8-2-1024x683.png\" \/>\t\t\t\t\t\t\t\t\t\t\t\t\t\t\t<\/div>\n\t\t\t\t<div class=\"elementor-element elementor-element-3d3afe4 elementor-widget elementor-widget-text-editor\" data-id=\"3d3afe4\" data-element_type=\"widget\" data-e-type=\"widget\" data-widget_type=\"text-editor.default\">\n\t\t\t\t\t\t\t\t\t<p> Pil de\u011fi\u015ftirme teknolojisi, mallar\u0131 g\u00fcn\u00fcn 24 saati ta\u015f\u0131mas\u0131na olanak tan\u0131r. G\u00fc\u00e7 yetersiz oldu\u011funda, ak\u00fc h\u0131zl\u0131 bir \u015fekilde de\u011fi\u015ftirilir, b\u00f6ylece Otonom Forklift tekrar \u00e7al\u0131\u015ft\u0131r\u0131labilir ve tamamen \u015farj olmas\u0131 sadece 1 saat s\u00fcrer, bu da ta\u015f\u0131ma verimlili\u011fini b\u00fcy\u00fck \u00f6l\u00e7\u00fcde art\u0131r\u0131r ve lojistik ve depolama operasyonunun \u015farj bekleyerek kesintiye u\u011framamas\u0131n\u0131 sa\u011flar. <\/p>\n<p> Otonom Forkliftlerin ortaya \u00e7\u0131k\u0131\u015f\u0131, lojistik ve depolama end\u00fcstrisinde devrim niteli\u011finde de\u011fi\u015fiklikler getirdi. Sadece ta\u015f\u0131ma verimlili\u011fini art\u0131rmak ve maliyeti d\u00fc\u015f\u00fcrmekle kalmaz, ayn\u0131 zamanda i\u015fletme i\u00e7in daha geni\u015f bir geli\u015ftirme alan\u0131 sa\u011flar. Gelecekte, Otonom Forkliftler lojistik ve depolama end\u00fcstrisinin temel dayana\u011f\u0131 haline gelecek ve sekt\u00f6r\u00fc daha ak\u0131ll\u0131 ve verimli yeni bir \u00e7a\u011fa y\u00f6nlendirecek.  <\/p>\n\t\t\t\t\t\t\t\t<\/div>\n\t\t\t\t\t<\/div>\n\t\t\t\t<\/div>\n\t\t<div class=\"elementor-element elementor-element-1d8ed1a e-flex e-con-boxed e-con e-parent\" data-id=\"1d8ed1a\" data-element_type=\"container\" data-e-type=\"container\">\n\t\t\t\t\t<div class=\"e-con-inner\">\n\t\t<div class=\"elementor-element elementor-element-1922597 e-con-full e-flex e-con e-child\" data-id=\"1922597\" data-element_type=\"container\" data-e-type=\"container\">\n\t\t<div class=\"elementor-element elementor-element-3c639e7 e-con-full e-flex e-con e-child\" data-id=\"3c639e7\" data-element_type=\"container\" data-e-type=\"container\">\n\t\t\t\t<div class=\"elementor-element elementor-element-17b7226 elementor-widget elementor-widget-button\" data-id=\"17b7226\" data-element_type=\"widget\" data-e-type=\"widget\" data-widget_type=\"button.default\">\n\t\t\t\t\t\t\t\t\t\t<a class=\"elementor-button elementor-button-link elementor-size-sm\" href=\"https:\/\/airobotmaker.com\/forklifts-change-handling-efficiency\/\">\n\t\t\t\t\t\t<span class=\"elementor-button-content-wrapper\">\n\t\t\t\t\t\t<span class=\"elementor-button-icon\">\n\t\t\t\t<svg aria-hidden=\"true\" class=\"e-font-icon-svg e-fas-arrow-left\" viewBox=\"0 0 448 512\" xmlns=\"http:\/\/www.w3.org\/2000\/svg\"><path d=\"M257.5 445.1l-22.2 22.2c-9.4 9.4-24.6 9.4-33.9 0L7 273c-9.4-9.4-9.4-24.6 0-33.9L201.4 44.7c9.4-9.4 24.6-9.4 33.9 0l22.2 22.2c9.5 9.5 9.3 25-.4 34.3L136.6 216H424c13.3 0 24 10.7 24 24v32c0 13.3-10.7 24-24 24H136.6l120.5 114.8c9.8 9.3 10 24.8.4 34.3z\"><\/path><\/svg>\t\t\t<\/span>\n\t\t\t\t\t\t\t\t\t<span class=\"elementor-button-text\">\u00d6nceki<\/span>\n\t\t\t\t\t<\/span>\n\t\t\t\t\t<\/a>\n\t\t\t\t\t\t\t\t<\/div>\n\t\t\t\t<\/div>\n\t\t<div class=\"elementor-element elementor-element-166b907 e-con-full e-flex e-con e-child\" data-id=\"166b907\" data-element_type=\"container\" data-e-type=\"container\">\n\t\t\t\t<\/div>\n\t\t<div class=\"elementor-element elementor-element-f68db3e e-con-full e-flex e-con e-child\" data-id=\"f68db3e\" data-element_type=\"container\" data-e-type=\"container\">\n\t\t\t\t<\/div>\n\t\t<div class=\"elementor-element elementor-element-14da6be e-con-full e-flex e-con e-child\" data-id=\"14da6be\" data-element_type=\"container\" data-e-type=\"container\">\n\t\t\t\t<div class=\"elementor-element elementor-element-5badd77 elementor-widget elementor-widget-button\" data-id=\"5badd77\" data-element_type=\"widget\" data-e-type=\"widget\" data-widget_type=\"button.default\">\n\t\t\t\t\t\t\t\t\t\t<a class=\"elementor-button elementor-size-sm\" role=\"button\">\n\t\t\t\t\t\t<span class=\"elementor-button-content-wrapper\">\n\t\t\t\t\t\t<span class=\"elementor-button-icon\">\n\t\t\t\t<svg aria-hidden=\"true\" class=\"e-font-icon-svg e-fas-arrow-right\" viewBox=\"0 0 448 512\" xmlns=\"http:\/\/www.w3.org\/2000\/svg\"><path d=\"M190.5 66.9l22.2-22.2c9.4-9.4 24.6-9.4 33.9 0L441 239c9.4 9.4 9.4 24.6 0 33.9L246.6 467.3c-9.4 9.4-24.6 9.4-33.9 0l-22.2-22.2c-9.5-9.5-9.3-25 .4-34.3L311.4 296H24c-13.3 0-24-10.7-24-24v-32c0-13.3 10.7-24 24-24h287.4L190.9 101.2c-9.8-9.3-10-24.8-.4-34.3z\"><\/path><\/svg>\t\t\t<\/span>\n\t\t\t\t\t\t\t\t\t<span class=\"elementor-button-text\">\u00d6n\u00fcm\u00fczdeki<\/span>\n\t\t\t\t\t<\/span>\n\t\t\t\t\t<\/a>\n\t\t\t\t\t\t\t\t<\/div>\n\t\t\t\t<\/div>\n\t\t\t\t<\/div>\n\t\t\t\t\t<\/div>\n\t\t\t\t<\/div>\n\t\t\t\t<\/div>\n\t\t","protected":false},"excerpt":{"rendered":"<p>Otonom forkliftler: lojistik ve depolama tedarik zincirinde yeni bir g\u00fc\u00e7 Longhua, Shenzhen, Guangdong, \u00c7in&#8217;deki yo\u011fun bir lojistik ve depolama tedarik [&hellip;]<\/p>\n","protected":false},"author":247580900,"featured_media":0,"parent":0,"menu_order":0,"comment_status":"closed","ping_status":"closed","template":"","meta":{"_crdt_document":"","om_disable_all_campaigns":false,"_uag_custom_page_level_css":"","advgb_blocks_editor_width":"","advgb_blocks_columns_visual_guide":"","site-sidebar-layout":"no-sidebar","site-content-layout":"","ast-site-content-layout":"full-width-container","site-content-style":"default","site-sidebar-style":"default","ast-global-header-display":"","ast-banner-title-visibility":"","ast-main-header-display":"","ast-hfb-above-header-display":"","ast-hfb-below-header-display":"","ast-hfb-mobile-header-display":"","site-post-title":"disabled","ast-breadcrumbs-content":"","ast-featured-img":"disabled","footer-sml-layout":"","theme-transparent-header-meta":"","adv-header-id-meta":"","stick-header-meta":"","header-above-stick-meta":"","header-main-stick-meta":"","header-below-stick-meta":"","astra-migrate-meta-layouts":"default","ast-page-background-enabled":"default","ast-page-background-meta":{"desktop":{"background-color":"var(--ast-global-color-4)","background-image":"","background-repeat":"repeat","background-position":"center center","background-size":"auto","background-attachment":"scroll","background-type":"","background-media":"","overlay-type":"","overlay-color":"","overlay-opacity":"","overlay-gradient":""},"tablet":{"background-color":"","background-image":"","background-repeat":"repeat","background-position":"center center","background-size":"auto","background-attachment":"scroll","background-type":"","background-media":"","overlay-type":"","overlay-color":"","overlay-opacity":"","overlay-gradient":""},"mobile":{"background-color":"","background-image":"","background-repeat":"repeat","background-position":"center center","background-size":"auto","background-attachment":"scroll","background-type":"","background-media":"","overlay-type":"","overlay-color":"","overlay-opacity":"","overlay-gradient":""}},"ast-content-background-meta":{"desktop":{"background-color":"var(--ast-global-color-5)","background-image":"","background-repeat":"repeat","background-position":"center center","background-size":"auto","background-attachment":"scroll","background-type":"","background-media":"","overlay-type":"","overlay-color":"","overlay-opacity":"","overlay-gradient":""},"tablet":{"background-color":"var(--ast-global-color-5)","background-image":"","background-repeat":"repeat","background-position":"center center","background-size":"auto","background-attachment":"scroll","background-type":"","background-media":"","overlay-type":"","overlay-color":"","overlay-opacity":"","overlay-gradient":""},"mobile":{"background-color":"var(--ast-global-color-5)","background-image":"","background-repeat":"repeat","background-position":"center center","background-size":"auto","background-attachment":"scroll","background-type":"","background-media":"","overlay-type":"","overlay-color":"","overlay-opacity":"","overlay-gradient":""}},"jetpack_post_was_ever_published":false,"footnotes":""},"class_list":["post-10138","page","type-page","status-publish","hentry"],"aioseo_notices":[],"uagb_featured_image_src":{"full":false,"thumbnail":false,"medium":false,"medium_large":false,"large":false,"1536x1536":false,"2048x2048":false,"newspack-article-block-landscape-large":false,"newspack-article-block-portrait-large":false,"newspack-article-block-square-large":false,"newspack-article-block-landscape-medium":false,"newspack-article-block-portrait-medium":false,"newspack-article-block-square-medium":false,"newspack-article-block-landscape-intermediate":false,"newspack-article-block-portrait-intermediate":false,"newspack-article-block-square-intermediate":false,"newspack-article-block-landscape-small":false,"newspack-article-block-portrait-small":false,"newspack-article-block-square-small":false,"newspack-article-block-landscape-tiny":false,"newspack-article-block-portrait-tiny":false,"newspack-article-block-square-tiny":false,"newspack-article-block-uncropped":false},"uagb_author_info":{"display_name":"luo shunchao","author_link":"https:\/\/airobotmaker.com\/tr\/author\/luoshunchao2023\/"},"uagb_comment_info":0,"uagb_excerpt":"Otonom forkliftler: lojistik ve depolama tedarik zincirinde yeni bir g\u00fc\u00e7 Longhua, Shenzhen, Guangdong, \u00c7in&#8217;deki yo\u011fun bir lojistik ve depolama tedarik [&hellip;]","coauthors":[],"author_meta":{"author_link":"https:\/\/airobotmaker.com\/tr\/author\/luoshunchao2023\/","display_name":"luo shunchao"},"relative_dates":{"created":"Posted 1 y\u0131l ago","modified":"Updated 1 y\u0131l ago"},"absolute_dates":{"created":"Posted on 08\/11\/2024","modified":"Updated on 18\/12\/2024"},"absolute_dates_time":{"created":"Posted on 08\/11\/2024 19:48","modified":"Updated on 18\/12\/2024 15:32"},"featured_img_caption":"","featured_img":false,"series_order":"","jetpack_likes_enabled":false,"jetpack_sharing_enabled":true,"jetpack_shortlink":"https:\/\/wp.me\/Ph53Kn-2Dw","jetpack-related-posts":[{"id":10161,"url":"https:\/\/airobotmaker.com\/tr\/forkliftler-fabrikalara-guc-veriyor\/","url_meta":{"origin":10138,"position":0},"title":"Forkliftler fabrikalara g\u00fc\u00e7 veriyor","author":"luo shunchao","date":"06\/11\/2024","format":false,"excerpt":"7\/24 kesintisiz \u00e7al\u0131\u015fma, Airobotmaker forkliftleri fabrikalara g\u00fc\u00e7 veriyor https:\/\/www.youtube.com\/watch?v=LqAdlS4SnkcArka Plan Tan\u0131t\u0131m\u0131 Fabrika 48.726 metrekarelik bir alan\u0131 kaplamaktad\u0131r ve 3 katl\u0131 hammadde deposu, so\u011fuk hava deposu, 2 katl\u0131 \u00fcretim at\u00f6lyesi ve bitmi\u015f \u00fcr\u00fcn deposu olmak \u00fczere birden fazla alan\u0131 i\u00e7ermektedir. Hammadde deposu asans\u00f6rlerle donat\u0131lm\u0131\u015ft\u0131r ve her g\u00fcn s\u0131k s\u0131k ula\u015f\u0131m vard\u0131r.\u2026","rel":"","context":"Benzer yaz\u0131","block_context":{"text":"Benzer yaz\u0131","link":""},"img":{"alt_text":"","src":"","width":0,"height":0},"classes":[]},{"id":10159,"url":"https:\/\/airobotmaker.com\/tr\/forkliftler-tasima-verimliligini-degistiriyor\/","url_meta":{"origin":10138,"position":1},"title":"Forkliftler ta\u015f\u0131ma verimlili\u011fini de\u011fi\u015ftiriyor","author":"luo shunchao","date":"06\/11\/2024","format":false,"excerpt":"Otomatik forkliftler fabrika elle\u00e7leme verimlili\u011fini nas\u0131l de\u011fi\u015ftirebilir? https:\/\/www.youtube.com\/watch?v=xpLqa1T4I9gFabrika Arka Plan\u0131 Fabrika 5000 metrekarelik bir alan\u0131 kaplamaktad\u0131r ve \u00f6ncelikle asans\u00f6rlerle donat\u0131lm\u0131\u015f \u00e7e\u015fitli elektronik bile\u015fenler \u00fcretmektedir. G\u00fcnl\u00fck ta\u015f\u0131ma g\u00f6revleri a\u011f\u0131rd\u0131r, forkliftler depolar ve \u00fcretim hatlar\u0131 aras\u0131nda s\u0131kl\u0131kla \u00e7al\u0131\u015f\u0131r, g\u00fcnde 100 defay\u0131 a\u015far ve tek bir yolculukta yakla\u015f\u0131k 1 ton ta\u015f\u0131r. Geleneksel forkliftler,\u2026","rel":"","context":"Benzer yaz\u0131","block_context":{"text":"Benzer yaz\u0131","link":""},"img":{"alt_text":"","src":"","width":0,"height":0},"classes":[]},{"id":10167,"url":"https:\/\/airobotmaker.com\/tr\/ironbov\/","url_meta":{"origin":10138,"position":2},"title":"IronBov","author":"luo shunchao","date":"26\/10\/2024","format":false,"excerpt":"lronBov Gizli Ta\u015f\u0131ma Robotu SDK platformunu a\u00e7\u0131n API aray\u00fcz\u00fc, zengin teknik destek belgeleri sa\u011flayan, ba\u015ftan sona \u00fcr\u00fcn geli\u015ftirmeye yard\u0131mc\u0131 olan tamamen a\u00e7\u0131k donan\u0131m ve yaz\u0131l\u0131m platformu. Bulut Hizmeti Platformu Bulut platformu, bir harita da\u011f\u0131t\u0131m\u0131 olu\u015fturmak i\u00e7in uzaktan navigasyonu, \u015fasi \u00e7al\u0131\u015fma verilerinin ger\u00e7ek zamanl\u0131 olarak g\u00f6r\u00fcnt\u00fclenmesini, zamandan tasarruf etmeyi, basit \u00e7al\u0131\u015ft\u0131rmay\u0131,\u2026","rel":"","context":"Benzer yaz\u0131","block_context":{"text":"Benzer yaz\u0131","link":""},"img":{"alt_text":"","src":"","width":0,"height":0},"classes":[]},{"id":10142,"url":"https:\/\/airobotmaker.com\/tr\/buyuk-kopek-teslimat-robotu\/","url_meta":{"origin":10138,"position":3},"title":"B\u00fcy\u00fck K\u00f6pek Teslimat Robotu","author":"luo shunchao","date":"25\/10\/2024","format":false,"excerpt":"B\u00fcy\u00fck K\u00f6pek Teslimat Robotu SDK platformunu a\u00e7\u0131n API aray\u00fcz\u00fc, zengin teknik destek belgeleri sa\u011flayan, ba\u015ftan sona \u00fcr\u00fcn geli\u015ftirmeye yard\u0131mc\u0131 olan tamamen a\u00e7\u0131k donan\u0131m ve yaz\u0131l\u0131m platformu. Bulut Hizmeti Platformu Bulut platformu, bir harita da\u011f\u0131t\u0131m\u0131 olu\u015fturmak i\u00e7in uzaktan navigasyonu, \u015fasi \u00e7al\u0131\u015fma verilerinin ger\u00e7ek zamanl\u0131 olarak g\u00f6r\u00fcnt\u00fclenmesini, zamandan tasarruf etmeyi, basit \u00e7al\u0131\u015ft\u0131rmay\u0131,\u2026","rel":"","context":"Benzer yaz\u0131","block_context":{"text":"Benzer yaz\u0131","link":""},"img":{"alt_text":"","src":"","width":0,"height":0},"classes":[]},{"id":10218,"url":"https:\/\/airobotmaker.com\/tr\/stackman-2\/","url_meta":{"origin":10138,"position":4},"title":"Stackman","author":"luo shunchao","date":"26\/10\/2024","format":false,"excerpt":"Stackman 1200 Otonom Forklift SDK platformunu a\u00e7\u0131n API aray\u00fcz\u00fc, zengin teknik destek belgeleri sa\u011flayan, ba\u015ftan sona \u00fcr\u00fcn geli\u015ftirmeye yard\u0131mc\u0131 olan tamamen a\u00e7\u0131k donan\u0131m ve yaz\u0131l\u0131m platformu. Bulut Hizmeti Platformu Bulut platformu, bir harita da\u011f\u0131t\u0131m\u0131 olu\u015fturmak i\u00e7in uzaktan gezinmeyi, forklift \u00e7al\u0131\u015fma verilerinin ger\u00e7ek zamanl\u0131 olarak g\u00f6r\u00fcnt\u00fclenmesini, zamandan tasarruf etmeyi, basit \u00e7al\u0131\u015ft\u0131rmay\u0131,\u2026","rel":"","context":"Benzer yaz\u0131","block_context":{"text":"Benzer yaz\u0131","link":""},"img":{"alt_text":"","src":"","width":0,"height":0},"classes":[]},{"id":10202,"url":"https:\/\/airobotmaker.com\/tr\/gergedan\/","url_meta":{"origin":10138,"position":5},"title":"Gergedan","author":"luo shunchao","date":"12\/11\/2024","format":false,"excerpt":"Gergedan \u00d6zerkForkliftler 1.5T B\u00fcy\u00fck Ta\u015f\u0131ma KapasitesiLazer SLAM NavigasyonuAk\u0131ll\u0131 Engellerden Ka\u00e7\u0131nma.Otomatik \u015farj40.000\u33a1 Seyir Haritas\u0131Otonom Sevk Sistemi2.5m Kriko Y\u00fcksekli\u011fi60m Tek Hatl\u0131 Lazer Radar 2.5m kald\u0131rma y\u00fcksekli\u011fi \u0130stifleme Ta\u015f\u0131ma: \u00c7oklu senaryo kullan\u0131m\u0131. 1.5T B\u00fcy\u00fck Ta\u015f\u0131ma Kapasitesi 2,5 m kald\u0131rma y\u00fcksekli\u011fi ile maksimum 1,5 ton y\u00fck kapasitesi. Ak\u0131ll\u0131 Engellerden Ka\u00e7\u0131nma Aktif ka\u00e7\u0131nma ve daha\u2026","rel":"","context":"Benzer yaz\u0131","block_context":{"text":"Benzer yaz\u0131","link":""},"img":{"alt_text":"null","src":"https:\/\/i0.wp.com\/airobotmaker.com\/wp-content\/uploads\/2025\/05\/%E7%AC%AC%E4%BA%8C%E5%B1%8F%E4%B8%AD%E9%97%B4%E5%9B%BE.jpg?resize=350%2C200&ssl=1","width":350,"height":200,"srcset":"https:\/\/i0.wp.com\/airobotmaker.com\/wp-content\/uploads\/2025\/05\/%E7%AC%AC%E4%BA%8C%E5%B1%8F%E4%B8%AD%E9%97%B4%E5%9B%BE.jpg?resize=350%2C200&ssl=1 1x, https:\/\/i0.wp.com\/airobotmaker.com\/wp-content\/uploads\/2025\/05\/%E7%AC%AC%E4%BA%8C%E5%B1%8F%E4%B8%AD%E9%97%B4%E5%9B%BE.jpg?resize=525%2C300&ssl=1 1.5x, https:\/\/i0.wp.com\/airobotmaker.com\/wp-content\/uploads\/2025\/05\/%E7%AC%AC%E4%BA%8C%E5%B1%8F%E4%B8%AD%E9%97%B4%E5%9B%BE.jpg?resize=700%2C400&ssl=1 2x"},"classes":[]}],"_links":{"self":[{"href":"https:\/\/airobotmaker.com\/tr\/wp-json\/wp\/v2\/pages\/10138","targetHints":{"allow":["GET"]}}],"collection":[{"href":"https:\/\/airobotmaker.com\/tr\/wp-json\/wp\/v2\/pages"}],"about":[{"href":"https:\/\/airobotmaker.com\/tr\/wp-json\/wp\/v2\/types\/page"}],"author":[{"embeddable":true,"href":"https:\/\/airobotmaker.com\/tr\/wp-json\/wp\/v2\/users\/247580900"}],"replies":[{"embeddable":true,"href":"https:\/\/airobotmaker.com\/tr\/wp-json\/wp\/v2\/comments?post=10138"}],"version-history":[{"count":1,"href":"https:\/\/airobotmaker.com\/tr\/wp-json\/wp\/v2\/pages\/10138\/revisions"}],"predecessor-version":[{"id":10141,"href":"https:\/\/airobotmaker.com\/tr\/wp-json\/wp\/v2\/pages\/10138\/revisions\/10141"}],"wp:attachment":[{"href":"https:\/\/airobotmaker.com\/tr\/wp-json\/wp\/v2\/media?parent=10138"}],"curies":[{"name":"wp","href":"https:\/\/api.w.org\/{rel}","templated":true}]}}