{"id":10163,"date":"2024-11-01T09:43:37","date_gmt":"2024-11-01T01:43:37","guid":{"rendered":"https:\/\/airobotmaker.com\/konfeksiyon-fabrikasi-kasasi\/"},"modified":"2024-12-18T16:46:28","modified_gmt":"2024-12-18T08:46:28","slug":"konfeksiyon-fabrikasi-kasasi","status":"publish","type":"page","link":"https:\/\/airobotmaker.com\/tr\/konfeksiyon-fabrikasi-kasasi\/","title":{"rendered":"Konfeksiyon Fabrikas\u0131 Kasas\u0131"},"content":{"rendered":"\t\t<div data-elementor-type=\"wp-page\" data-elementor-id=\"10163\" class=\"elementor elementor-10163 elementor-6568\">\n\t\t\t\t<div class=\"elementor-element elementor-element-0e498af e-con-full e-flex e-con e-parent\" data-id=\"0e498af\" data-element_type=\"container\" data-e-type=\"container\">\n\t\t\t\t<div class=\"elementor-element elementor-element-8931494 elementor-widget elementor-widget-heading\" data-id=\"8931494\" data-element_type=\"widget\" data-e-type=\"widget\" data-widget_type=\"heading.default\">\n\t\t\t\t\t<h1 class=\"elementor-heading-title elementor-size-default\">AMR robotlar\u0131, konfeksiyon fabrikas\u0131 \u00fcretim hatlar\u0131na yard\u0131mc\u0131 oluyor<\/h1>\t\t\t\t<\/div>\n\t\t\t\t<div class=\"elementor-element elementor-element-0644406 elementor-widget elementor-widget-text-editor\" data-id=\"0644406\" data-element_type=\"widget\" data-e-type=\"widget\" data-widget_type=\"text-editor.default\">\n\t\t\t\t\t\t\t\t\t<p><iframe src=\"https:\/\/www.youtube.com\/embed\/cDLkUh7G3n8?autoplay=1frameborder=\" width=\"550\" height=\"600\" allowfullscreen=\"allowfullscreen\"><\/iframe><br>&nbsp; &nbsp; Modern imalat sanayinde, \u00fcretim verimlili\u011fini art\u0131rmak her \u015firketin kar\u015f\u0131 kar\u015f\u0131ya oldu\u011fu \u00f6nemli bir konudur. Bir konfeksiyon fabrikas\u0131, Airobotmaker&#8217;\u0131n Big Dog teslimat robotunu tan\u0131tarak, \u00fcretim s\u00fcrecinde kar\u015f\u0131la\u015f\u0131lan bir\u00e7ok zorlu\u011fu ba\u015far\u0131yla \u00e7\u00f6zd\u00fc ve \u00f6nemli verimlilik iyile\u015ftirmeleri elde etti. Bu Otonom Mobil Robot (AMR), fabrikan\u0131n malzeme ta\u015f\u0131ma s\u00fcrecini tamamen optimize etti. Geli\u015fmi\u015f navigasyon teknolojisine ve ak\u0131ll\u0131 alg\u0131ya sahip bir ta\u015f\u0131ma arac\u0131 olan Big Dog AMR robotu, insan m\u00fcdahalesi olmadan \u00e7al\u0131\u015f\u0131r ve \u00f6zellikle konfeksiyon fabrikas\u0131n\u0131n \u00e7ok katl\u0131 ortam\u0131 i\u00e7in uygun olan fabrika i\u00e7indeki bir\u00e7ok alanda esnek bir \u015fekilde hareket eder. Hassas konumland\u0131rma ve otomatik rota planlamas\u0131 ile \u00e7al\u0131\u015fanlar, malzeme ta\u015f\u0131ma gibi a\u011f\u0131r bir g\u00f6revden kurtularak daha y\u00fcksek de\u011ferli s\u00fcre\u00e7lere odaklanmalar\u0131na olanak tan\u0131r.    <\/p>\n<h4>&nbsp;S\u00fcre\u00e7 Optimizasyonu: Verimli kullan\u0131m \u00e7ok zaman kazand\u0131r\u0131r<\/h4>\n<p>&nbsp; &nbsp; Geleneksel s\u00fcre\u00e7te, \u00e7al\u0131\u015fanlar\u0131n malzemeleri ileri geri ta\u015f\u0131mak i\u00e7in \u00e7ok zaman harcamas\u0131 gerekir, bu da \u00f6zellikle geni\u015f alanlarda ve \u00e7ok katmanl\u0131 ortamlarda verimsizdir. Big Dog AMR robotunun konu\u015fland\u0131r\u0131lmas\u0131ndan sonra, malzemeler \u00fcretim hatlar\u0131 aras\u0131nda h\u0131zl\u0131 bir \u015fekilde aktar\u0131labilir ve fabrikan\u0131n \u00fcretim verimlili\u011fi birka\u00e7 ay i\u00e7inde \u00f6nemli \u00f6l\u00e7\u00fcde iyile\u015fir. \u0130statistikler, AMR robotunun yard\u0131m\u0131yla fabrikan\u0131n \u00fcretim h\u0131z\u0131n\u0131n %30 artt\u0131\u011f\u0131n\u0131 ve katlar aras\u0131nda seyahat eden i\u015f\u00e7ilerin fiziksel t\u00fcketiminin %40&#8217;tan fazla azald\u0131\u011f\u0131n\u0131 g\u00f6steriyor. Bu otomatik i\u015fleme y\u00f6ntemi, kesintisiz \u00fcretim hatlar\u0131 sa\u011flar, i\u015f\u00e7ilik maliyetlerini d\u00fc\u015f\u00fcr\u00fcr ve operasyonel verimlili\u011fi art\u0131r\u0131r.   <\/p>\n<h4>&nbsp;Airobotmaker&#8217;\u0131n B\u00fcy\u00fck K\u00f6pek AMR Robotunun \u00c7e\u015fitli Avantajlar\u0131<\/h4>\n<p>1. Hassas Navigasyon: Airobotmaker&#8217;\u0131n Big Dog AMR robotu, \u00e7evreyi ger\u00e7ek zamanl\u0131 olarak izleyebilir, engellerden ka\u00e7\u0131nabilir ve sorunsuz nakliye s\u00fcre\u00e7leri sa\u011flayabilir.<br>2. \u00c7ok Katl\u0131 Uygulanabilirlik: \u00c7ok katl\u0131 binalar i\u00e7in tasarlanan AMR robotu, otonom asans\u00f6r s\u00fcr\u00fc\u015f\u00fcn\u00fc destekler ve geleneksel AGV ekipman\u0131n\u0131n tek katmanl\u0131 s\u0131n\u0131rlamas\u0131ndan ka\u00e7\u0131narak farkl\u0131 katlar aras\u0131nda esnek bir \u015fekilde ge\u00e7i\u015f yapabilir.<br>3. Ak\u0131ll\u0131 Zamanlama: Robot, mevcut i\u015f y\u00fck\u00fcne g\u00f6re rotay\u0131 otomatik olarak optimize edebilen, verimli ve istikrarl\u0131 malzeme kullan\u0131m\u0131 sa\u011flayan otonom g\u00f6rev tahsisi ve yol planlama yeteneklerine sahiptir.<\/p>\n<h4>Vaka Ba\u015far\u0131s\u0131: Ak\u0131ll\u0131 Kullan\u0131m \u00d6nemli Avantajlar Sa\u011flar<\/h4>\n<p>&nbsp; &nbsp; Airobotmaker&#8217;\u0131n AMR robotunun piyasaya s\u00fcr\u00fclmesi, konfeksiyon fabrikas\u0131na bir\u00e7ok fayda sa\u011flad\u0131. Sadece birka\u00e7 ay i\u00e7indeki fiili operasyon verilerinden, fabrikan\u0131n \u00fcretim verimlili\u011fi, \u00e7al\u0131\u015fanlar\u0131n i\u015f memnuniyeti ve kaynak kullan\u0131m\u0131 kapsaml\u0131 bir \u015fekilde iyile\u015ftirildi. Big Dog AMR robotunun performans\u0131, fabrikan\u0131n yaln\u0131zca i\u015f\u00e7ilik maliyetlerini ve insan hatalar\u0131n\u0131 azaltmas\u0131na yard\u0131mc\u0131 olmakla kalmaz, ayn\u0131 zamanda \u00fcretim hatt\u0131 h\u0131z\u0131nda rakiplerine liderlik etmesine de olanak tan\u0131r. B\u00fcy\u00fck \u00fcretim i\u015fletmeleri i\u00e7in bu yat\u0131r\u0131m\u0131n \u015f\u00fcphesiz uzun vadeli getirileri vard\u0131r.   <\/p>\n<h4>\u00d6zel Sonu\u00e7lar<\/h4>\n<p>1. Zaman Tasarrufu: Birka\u00e7 AMR robotu kulland\u0131ktan sonra, \u00e7al\u0131\u015fanlar\u0131n malzemeleri ileri geri getirmek i\u00e7in harcad\u0131klar\u0131 zaman %50&#8217;den fazla azalt\u0131ld\u0131. \u0130\u015f\u00e7iler daha k\u0131sa s\u00fcrede daha fazla \u00fcretim g\u00f6revini tamamlayabilir.<br>2. \u0130nsan Kaynaklar\u0131 Optimizasyonu: Robotlar, \u00e7al\u0131\u015fanlar\u0131n daha y\u00fcksek teknolojili i\u015flere odaklanmas\u0131na olanak tan\u0131yarak tekrarlayan ta\u015f\u0131ma g\u00f6revlerini \u00fcstlenir. Bu t\u00fcr personel tahsisi sadece i\u015f verimlili\u011fini art\u0131rmakla kalmaz, ayn\u0131 zamanda \u00e7al\u0131\u015fanlar\u0131n i\u015f memnuniyetini de art\u0131r\u0131r.<br>3. G\u00fcvenlik \u0130yile\u015ftirmesi: Ta\u015f\u0131ma s\u0131ras\u0131nda i\u015f\u00e7ilerin kar\u015f\u0131la\u015ft\u0131\u011f\u0131 g\u00fcvenlik riskleri b\u00fcy\u00fck \u00f6l\u00e7\u00fcde azal\u0131r. Robotlar, ta\u015f\u0131ma s\u00fcrecini hassas bir \u015fekilde kontrol ederek kazalar\u0131n olu\u015fumunu azaltabilir.   <\/p>\n<h4>Airobotmaker&#8217;\u0131n AMR Robotu Kurumsal Geli\u015fim \u0130\u00e7in Yeni F\u0131rsatlar Sunuyor<\/h4>\n<p>&nbsp; &nbsp; Pazar talebi artmaya devam ettik\u00e7e, haz\u0131r giyim imalat end\u00fcstrisinin kar\u015f\u0131la\u015ft\u0131\u011f\u0131 rekabet de yo\u011funla\u015f\u0131yor. Airobotmaker&#8217;\u0131n AMR robotu, fabrika i\u00e7in yeni bir otomatik ta\u015f\u0131ma \u00e7\u00f6z\u00fcm\u00fc sunarak insan g\u00fcc\u00fcn\u00fc serbest b\u0131rak\u0131r ve verimli malzeme ak\u0131\u015f\u0131 sa\u011flar. Giri\u015fimciler i\u00e7in bu yenilik sadece anl\u0131k faydalarla ilgili de\u011fil, ayn\u0131 zamanda fabrikan\u0131n otomasyon seviyesini iyile\u015ftirmek ve uzun vadede operasyonel maliyetleri optimize ederek kurumsal b\u00fcy\u00fcmeye g\u00fc\u00e7l\u00fc bir ivme kazand\u0131rmakla da ilgilidir.  <\/p>\n<p>&nbsp; &nbsp; \u00d6zetle, Airobotmaker&#8217;\u0131n Big Dog teslimat robotu, bu giysi fabrikas\u0131n\u0131n ta\u015f\u0131ma sorununu \u00e7\u00f6zmesine ve \u00fcretim verimlili\u011fini \u00f6nemli \u00f6l\u00e7\u00fcde art\u0131rmas\u0131na ba\u015far\u0131yla yard\u0131mc\u0131 oldu. Bu durum sadece AMR robotlar\u0131n\u0131n avantajlar\u0131n\u0131 g\u00f6stermekle kalm\u0131yor, ayn\u0131 zamanda di\u011fer \u015firketler i\u00e7in de de\u011ferli bir referans deneyimi sa\u011fl\u0131yor. Teknolojinin s\u00fcrekli ilerlemesiyle birlikte, daha fazla \u015firket, \u00fcretimde kapsaml\u0131 bir y\u00fckseltme elde etmek i\u00e7in ak\u0131ll\u0131 ekipman kullanabilecektir.  <\/p>\t\t\t\t\t\t\t\t<\/div>\n\t\t\t\t<\/div>\n\t\t<div class=\"elementor-element elementor-element-bd0e738 e-flex e-con-boxed e-con e-parent\" data-id=\"bd0e738\" data-element_type=\"container\" data-e-type=\"container\">\n\t\t\t\t\t<div class=\"e-con-inner\">\n\t\t<div class=\"elementor-element elementor-element-95d7fd6 e-con-full e-flex e-con e-child\" data-id=\"95d7fd6\" data-element_type=\"container\" data-e-type=\"container\">\n\t\t\t\t<div class=\"elementor-element elementor-element-88eb336 elementor-widget elementor-widget-button\" data-id=\"88eb336\" data-element_type=\"widget\" data-e-type=\"widget\" data-widget_type=\"button.default\">\n\t\t\t\t\t\t\t\t\t\t<a class=\"elementor-button elementor-button-link elementor-size-sm\" href=\"https:\/\/airobotmaker.com\/tr\/dongguan-davasi\/\">\n\t\t\t\t\t\t<span class=\"elementor-button-content-wrapper\">\n\t\t\t\t\t\t<span class=\"elementor-button-icon\">\n\t\t\t\t<svg aria-hidden=\"true\" class=\"e-font-icon-svg e-fas-arrow-left\" viewBox=\"0 0 448 512\" xmlns=\"http:\/\/www.w3.org\/2000\/svg\"><path d=\"M257.5 445.1l-22.2 22.2c-9.4 9.4-24.6 9.4-33.9 0L7 273c-9.4-9.4-9.4-24.6 0-33.9L201.4 44.7c9.4-9.4 24.6-9.4 33.9 0l22.2 22.2c9.5 9.5 9.3 25-.4 34.3L136.6 216H424c13.3 0 24 10.7 24 24v32c0 13.3-10.7 24-24 24H136.6l120.5 114.8c9.8 9.3 10 24.8.4 34.3z\"><\/path><\/svg>\t\t\t<\/span>\n\t\t\t\t\t\t\t\t\t<span class=\"elementor-button-text\">\u00d6nceki<\/span>\n\t\t\t\t\t<\/span>\n\t\t\t\t\t<\/a>\n\t\t\t\t\t\t\t\t<\/div>\n\t\t\t\t<\/div>\n\t\t<div class=\"elementor-element elementor-element-dee69aa e-con-full e-flex e-con e-child\" data-id=\"dee69aa\" data-element_type=\"container\" data-e-type=\"container\">\n\t\t\t\t<\/div>\n\t\t<div class=\"elementor-element elementor-element-04edb1f e-con-full e-flex e-con e-child\" data-id=\"04edb1f\" data-element_type=\"container\" data-e-type=\"container\">\n\t\t\t\t<\/div>\n\t\t<div class=\"elementor-element elementor-element-5a4bf7a e-con-full e-flex e-con e-child\" data-id=\"5a4bf7a\" data-element_type=\"container\" data-e-type=\"container\">\n\t\t\t\t<div class=\"elementor-element elementor-element-9b6a85f elementor-widget elementor-widget-button\" data-id=\"9b6a85f\" data-element_type=\"widget\" data-e-type=\"widget\" data-widget_type=\"button.default\">\n\t\t\t\t\t\t\t\t\t\t<a class=\"elementor-button elementor-button-link elementor-size-sm\" href=\"https:\/\/airobotmaker.com\/mould-factory-case\/\">\n\t\t\t\t\t\t<span class=\"elementor-button-content-wrapper\">\n\t\t\t\t\t\t<span class=\"elementor-button-icon\">\n\t\t\t\t<svg aria-hidden=\"true\" class=\"e-font-icon-svg e-fas-arrow-right\" viewBox=\"0 0 448 512\" xmlns=\"http:\/\/www.w3.org\/2000\/svg\"><path d=\"M190.5 66.9l22.2-22.2c9.4-9.4 24.6-9.4 33.9 0L441 239c9.4 9.4 9.4 24.6 0 33.9L246.6 467.3c-9.4 9.4-24.6 9.4-33.9 0l-22.2-22.2c-9.5-9.5-9.3-25 .4-34.3L311.4 296H24c-13.3 0-24-10.7-24-24v-32c0-13.3 10.7-24 24-24h287.4L190.9 101.2c-9.8-9.3-10-24.8-.4-34.3z\"><\/path><\/svg>\t\t\t<\/span>\n\t\t\t\t\t\t\t\t\t<span class=\"elementor-button-text\">\u00d6n\u00fcm\u00fczdeki<\/span>\n\t\t\t\t\t<\/span>\n\t\t\t\t\t<\/a>\n\t\t\t\t\t\t\t\t<\/div>\n\t\t\t\t<\/div>\n\t\t\t\t\t<\/div>\n\t\t\t\t<\/div>\n\t\t\t\t<\/div>\n\t\t","protected":false},"excerpt":{"rendered":"<p>AMR robotlar\u0131, konfeksiyon fabrikas\u0131 \u00fcretim hatlar\u0131na yard\u0131mc\u0131 oluyor &nbsp; &nbsp; Modern imalat sanayinde, \u00fcretim verimlili\u011fini art\u0131rmak her \u015firketin kar\u015f\u0131 kar\u015f\u0131ya [&hellip;]<\/p>\n","protected":false},"author":247580900,"featured_media":0,"parent":0,"menu_order":0,"comment_status":"closed","ping_status":"closed","template":"","meta":{"_crdt_document":"","om_disable_all_campaigns":false,"_uag_custom_page_level_css":"","advgb_blocks_editor_width":"","advgb_blocks_columns_visual_guide":"","site-sidebar-layout":"no-sidebar","site-content-layout":"","ast-site-content-layout":"full-width-container","site-content-style":"default","site-sidebar-style":"default","ast-global-header-display":"","ast-banner-title-visibility":"","ast-main-header-display":"","ast-hfb-above-header-display":"","ast-hfb-below-header-display":"","ast-hfb-mobile-header-display":"","site-post-title":"disabled","ast-breadcrumbs-content":"","ast-featured-img":"disabled","footer-sml-layout":"","theme-transparent-header-meta":"default","adv-header-id-meta":"","stick-header-meta":"","header-above-stick-meta":"","header-main-stick-meta":"","header-below-stick-meta":"","astra-migrate-meta-layouts":"default","ast-page-background-enabled":"default","ast-page-background-meta":{"desktop":{"background-color":"var(--ast-global-color-4)","background-image":"","background-repeat":"repeat","background-position":"center center","background-size":"auto","background-attachment":"scroll","background-type":"","background-media":"","overlay-type":"","overlay-color":"","overlay-opacity":"","overlay-gradient":""},"tablet":{"background-color":"","background-image":"","background-repeat":"repeat","background-position":"center center","background-size":"auto","background-attachment":"scroll","background-type":"","background-media":"","overlay-type":"","overlay-color":"","overlay-opacity":"","overlay-gradient":""},"mobile":{"background-color":"","background-image":"","background-repeat":"repeat","background-position":"center center","background-size":"auto","background-attachment":"scroll","background-type":"","background-media":"","overlay-type":"","overlay-color":"","overlay-opacity":"","overlay-gradient":""}},"ast-content-background-meta":{"desktop":{"background-color":"var(--ast-global-color-5)","background-image":"","background-repeat":"repeat","background-position":"center center","background-size":"auto","background-attachment":"scroll","background-type":"","background-media":"","overlay-type":"","overlay-color":"","overlay-opacity":"","overlay-gradient":""},"tablet":{"background-color":"var(--ast-global-color-5)","background-image":"","background-repeat":"repeat","background-position":"center center","background-size":"auto","background-attachment":"scroll","background-type":"","background-media":"","overlay-type":"","overlay-color":"","overlay-opacity":"","overlay-gradient":""},"mobile":{"background-color":"var(--ast-global-color-5)","background-image":"","background-repeat":"repeat","background-position":"center center","background-size":"auto","background-attachment":"scroll","background-type":"","background-media":"","overlay-type":"","overlay-color":"","overlay-opacity":"","overlay-gradient":""}},"jetpack_post_was_ever_published":false,"footnotes":""},"class_list":["post-10163","page","type-page","status-publish","hentry"],"aioseo_notices":[],"uagb_featured_image_src":{"full":false,"thumbnail":false,"medium":false,"medium_large":false,"large":false,"1536x1536":false,"2048x2048":false,"newspack-article-block-landscape-large":false,"newspack-article-block-portrait-large":false,"newspack-article-block-square-large":false,"newspack-article-block-landscape-medium":false,"newspack-article-block-portrait-medium":false,"newspack-article-block-square-medium":false,"newspack-article-block-landscape-intermediate":false,"newspack-article-block-portrait-intermediate":false,"newspack-article-block-square-intermediate":false,"newspack-article-block-landscape-small":false,"newspack-article-block-portrait-small":false,"newspack-article-block-square-small":false,"newspack-article-block-landscape-tiny":false,"newspack-article-block-portrait-tiny":false,"newspack-article-block-square-tiny":false,"newspack-article-block-uncropped":false},"uagb_author_info":{"display_name":"luo shunchao","author_link":"https:\/\/airobotmaker.com\/tr\/author\/luoshunchao2023\/"},"uagb_comment_info":0,"uagb_excerpt":"AMR robotlar\u0131, konfeksiyon fabrikas\u0131 \u00fcretim hatlar\u0131na yard\u0131mc\u0131 oluyor &nbsp; &nbsp; Modern imalat sanayinde, \u00fcretim verimlili\u011fini art\u0131rmak her \u015firketin kar\u015f\u0131 kar\u015f\u0131ya [&hellip;]","coauthors":[],"author_meta":{"author_link":"https:\/\/airobotmaker.com\/tr\/author\/luoshunchao2023\/","display_name":"luo shunchao"},"relative_dates":{"created":"Posted 1 y\u0131l ago","modified":"Updated 1 y\u0131l ago"},"absolute_dates":{"created":"Posted on 01\/11\/2024","modified":"Updated on 18\/12\/2024"},"absolute_dates_time":{"created":"Posted on 01\/11\/2024 09:43","modified":"Updated on 18\/12\/2024 16:46"},"featured_img_caption":"","featured_img":false,"series_order":"","jetpack_likes_enabled":false,"jetpack_sharing_enabled":true,"jetpack_shortlink":"https:\/\/wp.me\/Ph53Kn-2DV","jetpack-related-posts":[{"id":10189,"url":"https:\/\/airobotmaker.com\/tr\/kalip-fabrikasi-kasasi\/","url_meta":{"origin":10163,"position":0},"title":"Kal\u0131p Fabrikas\u0131 Kasas\u0131","author":"luo shunchao","date":"01\/11\/2024","format":false,"excerpt":"Kal\u0131p Fabrikas\u0131nda Verimlilik \u0130yile\u015ftirmesi: B\u00fcy\u00fck K\u00f6pek Do\u011fum Robotlar\u0131n\u0131n Uygulamas\u0131 \u00a0 \u00a0 Giderek daha rekabet\u00e7i hale gelen imalat end\u00fcstrisinde, \u00fcretim verimlili\u011fini art\u0131rmak her \u015firket i\u00e7in en \u00f6nemli \u00f6nceliktir. Son zamanlarda, bir kal\u0131p fabrikas\u0131, Airobotmaker'\u0131n Big Dog teslimat robotunu tan\u0131tarak plastik hammaddelerin (peletler) i\u015flenmesinde kar\u015f\u0131la\u015f\u0131lan zorluklar\u0131 ba\u015far\u0131yla \u00e7\u00f6zd\u00fc ve b\u00f6ylece \u00f6nemli verimlilik\u2026","rel":"","context":"Benzer yaz\u0131","block_context":{"text":"Benzer yaz\u0131","link":""},"img":{"alt_text":"","src":"","width":0,"height":0},"classes":[]},{"id":10232,"url":"https:\/\/airobotmaker.com\/tr\/oyuncak-fabrikasi-davasi\/","url_meta":{"origin":10163,"position":1},"title":"Oyuncak fabrikas\u0131 davas\u0131","author":"luo shunchao","date":"01\/11\/2024","format":false,"excerpt":"Otomotiv \u0130malat\u0131nda Sinek Bot Robotlar\u0131n\u0131n Uygulama \u00d6rne\u011fi ABD'nin Los Angeles kentinde bulunan ve dahili lojistik maliyetleriyle ilgili zorluklarla kar\u015f\u0131 kar\u015f\u0131ya kalan bir otomotiv par\u00e7alar\u0131 \u00fcretim \u015firketi, teslimat s\u00fcre\u00e7lerini optimize etmek i\u00e7in Airobotmaker'\u0131n fiy tekne ta\u015f\u0131ma robotlar\u0131n\u0131 tan\u0131tt\u0131. \u015eirketin birincil g\u00f6revi, dahili teslimat maliyetlerini azaltmakt\u0131. 400'den fazla \u00e7al\u0131\u015fan\u0131 ve 6.000 metrekarelik\u2026","rel":"","context":"Benzer yaz\u0131","block_context":{"text":"Benzer yaz\u0131","link":""},"img":{"alt_text":"","src":"","width":0,"height":0},"classes":[]},{"id":10165,"url":"https:\/\/airobotmaker.com\/tr\/hindistan-ornegi\/","url_meta":{"origin":10163,"position":2},"title":"Hindistan \u00d6rne\u011fi","author":"luo shunchao","date":"01\/11\/2024","format":false,"excerpt":"Hindistan'da bir kalem fabrikas\u0131nda uygulama \u00a0 \u00a0 Hindistan'daki bir kalem \u00fcretim \u015firketi, artan \u00fcretim talepleri ve karma\u015f\u0131k i\u00e7 lojistik zorluklarla kar\u015f\u0131 kar\u015f\u0131yayd\u0131. Bu \u015firket i\u00e7in kalem bile\u015fenlerini i\u015fleme alan\u0131na teslim etmek veya depodan malzemeleri almak her zaman zahmetli bir i\u015f olmu\u015ftur. Fabrika \u015fefi, \"Fabrikadaki en hantal g\u00f6rev, \u00f6zellikle montaj alan\u0131\u2026","rel":"","context":"Benzer yaz\u0131","block_context":{"text":"Benzer yaz\u0131","link":""},"img":{"alt_text":"","src":"","width":0,"height":0},"classes":[]},{"id":10150,"url":"https:\/\/airobotmaker.com\/tr\/dongguan-davasi\/","url_meta":{"origin":10163,"position":3},"title":"Dongguan Davas\u0131","author":"luo shunchao","date":"31\/10\/2024","format":false,"excerpt":"Ta\u015f\u0131ma robotu, ak\u0131ll\u0131 \u00fcretim s\u00fcrecini nas\u0131l ger\u00e7ekle\u015ftirdi\u011fini g\u00f6rmek i\u00e7in Dongguan PCB fabrikas\u0131nda konu\u015fland\u0131r\u0131ld\u0131! https:\/\/www.youtube.com\/watch?v=5BZpg1hIkBs ARM ta\u015f\u0131ma robotlar\u0131n\u0131n artan kullan\u0131m\u0131yla birlikte, elektronik imalat end\u00fcstrisi olsun, t\u0131bbi tedavi, end\u00fcstri ve di\u011fer alanlar, \u00e7\u00fcnk\u00fc ARM ta\u015f\u0131ma robotlar\u0131 \u00e7ok fazla i\u015f\u00e7ilik maliyetinden tasarruf edebilir, b\u00f6ylece rakamlar\u0131 giderek daha s\u0131k ortaya \u00e7\u0131kar. \u00c7in'in Guangdong Eyaleti,\u2026","rel":"","context":"Benzer yaz\u0131","block_context":{"text":"Benzer yaz\u0131","link":""},"img":{"alt_text":"","src":"","width":0,"height":0},"classes":[]},{"id":10191,"url":"https:\/\/airobotmaker.com\/tr\/","url_meta":{"origin":10163,"position":4},"title":"Profesyonel teslimat robotu sa\u011flay\u0131c\u0131s\u0131","author":"luo shunchao","date":"05\/03\/2024","format":false,"excerpt":"Uzman\u0131n\u0131zMobilde \u0130\u015f Orta\u011f\u0131Robotik \u00c7\u00f6z\u00fcmler Daha Fazlas\u0131n\u0131 Ke\u015ffet Otomatik Forklift Fly Boat Teslimat Robotu B\u00fcy\u00fck K\u00f6pek Teslimat Robotu Ay \u015e\u00f6valyesi Robot \u015easi Mobil Robotik \u00c7\u00f6z\u00fcmlerinde Uzman Orta\u011f\u0131n\u0131z On y\u0131ll\u0131k end\u00fcstri uzmanl\u0131\u011f\u0131yla Airobotmaker, d\u00fcnya \u00e7ap\u0131ndaki i\u015fletmelere son teknoloji otomasyon sunar. 200+ patentle desteklenen yapay zeka destekli robotlar\u0131m\u0131z, sorunsuz da\u011f\u0131t\u0131m ve operasyonel verimlilik\u2026","rel":"","context":"Benzer yaz\u0131","block_context":{"text":"Benzer yaz\u0131","link":""},"img":{"alt_text":"","src":"https:\/\/airobotmaker.com\/wp-content\/uploads\/2024\/03\/Ironhide.bmp","width":350,"height":200},"classes":[]},{"id":10161,"url":"https:\/\/airobotmaker.com\/tr\/forkliftler-fabrikalara-guc-veriyor\/","url_meta":{"origin":10163,"position":5},"title":"Forkliftler fabrikalara g\u00fc\u00e7 veriyor","author":"luo shunchao","date":"06\/11\/2024","format":false,"excerpt":"7\/24 kesintisiz \u00e7al\u0131\u015fma, Airobotmaker forkliftleri fabrikalara g\u00fc\u00e7 veriyor https:\/\/www.youtube.com\/watch?v=LqAdlS4SnkcArka Plan Tan\u0131t\u0131m\u0131 Fabrika 48.726 metrekarelik bir alan\u0131 kaplamaktad\u0131r ve 3 katl\u0131 hammadde deposu, so\u011fuk hava deposu, 2 katl\u0131 \u00fcretim at\u00f6lyesi ve bitmi\u015f \u00fcr\u00fcn deposu olmak \u00fczere birden fazla alan\u0131 i\u00e7ermektedir. Hammadde deposu asans\u00f6rlerle donat\u0131lm\u0131\u015ft\u0131r ve her g\u00fcn s\u0131k s\u0131k ula\u015f\u0131m vard\u0131r.\u2026","rel":"","context":"Benzer yaz\u0131","block_context":{"text":"Benzer yaz\u0131","link":""},"img":{"alt_text":"","src":"","width":0,"height":0},"classes":[]}],"_links":{"self":[{"href":"https:\/\/airobotmaker.com\/tr\/wp-json\/wp\/v2\/pages\/10163","targetHints":{"allow":["GET"]}}],"collection":[{"href":"https:\/\/airobotmaker.com\/tr\/wp-json\/wp\/v2\/pages"}],"about":[{"href":"https:\/\/airobotmaker.com\/tr\/wp-json\/wp\/v2\/types\/page"}],"author":[{"embeddable":true,"href":"https:\/\/airobotmaker.com\/tr\/wp-json\/wp\/v2\/users\/247580900"}],"replies":[{"embeddable":true,"href":"https:\/\/airobotmaker.com\/tr\/wp-json\/wp\/v2\/comments?post=10163"}],"version-history":[{"count":1,"href":"https:\/\/airobotmaker.com\/tr\/wp-json\/wp\/v2\/pages\/10163\/revisions"}],"predecessor-version":[{"id":10164,"href":"https:\/\/airobotmaker.com\/tr\/wp-json\/wp\/v2\/pages\/10163\/revisions\/10164"}],"wp:attachment":[{"href":"https:\/\/airobotmaker.com\/tr\/wp-json\/wp\/v2\/media?parent=10163"}],"curies":[{"name":"wp","href":"https:\/\/api.w.org\/{rel}","templated":true}]}}